{"id":248,"date":"2022-12-12T16:07:00","date_gmt":"2022-12-12T15:07:00","guid":{"rendered":"https:\/\/mw-ethicformation.com\/?post_type=product&#038;p=248"},"modified":"2024-01-01T00:00:56","modified_gmt":"2023-12-31T23:00:56","slug":"formation-en-riropedagogie-partie-2","status":"publish","type":"product","link":"https:\/\/mw-ethicformation.com\/index.php\/produit\/formation-en-riropedagogie-partie-2\/","title":{"rendered":"Formation en Rirop\u00e9dagogie Partie 2"},"content":{"rendered":"<p>Dur\u00e9e : 9 m Suite et fin de la formation sur la RIROP\u00c9DAGOGIE. Exercices d\u2019application \u00e0 faire seul ou en famille.<\/p>\n","protected":false},"excerpt":{"rendered":"<p>Vid\u00e9o de 9 m Suite et fin de la formation sur la RIROP\u00c9DAGOGIE.<\/p>\n","protected":false},"featured_media":261,"comment_status":"open","ping_status":"closed","template":"","meta":[],"product_cat":[23],"product_tag":[],"class_list":["post-248","product","type-product","status-publish","has-post-thumbnail","hentry","product_cat-conference"],"_links":{"self":[{"href":"https:\/\/mw-ethicformation.com\/index.php\/wp-json\/wp\/v2\/product\/248","targetHints":{"allow":["GET"]}}],"collection":[{"href":"https:\/\/mw-ethicformation.com\/index.php\/wp-json\/wp\/v2\/product"}],"about":[{"href":"https:\/\/mw-ethicformation.com\/index.php\/wp-json\/wp\/v2\/types\/product"}],"replies":[{"embeddable":true,"href":"https:\/\/mw-ethicformation.com\/index.php\/wp-json\/wp\/v2\/comments?post=248"}],"wp:featuredmedia":[{"embeddable":true,"href":"https:\/\/mw-ethicformation.com\/index.php\/wp-json\/wp\/v2\/media\/261"}],"wp:attachment":[{"href":"https:\/\/mw-ethicformation.com\/index.php\/wp-json\/wp\/v2\/media?parent=248"}],"wp:term":[{"taxonomy":"product_cat","embeddable":true,"href":"https:\/\/mw-ethicformation.com\/index.php\/wp-json\/wp\/v2\/product_cat?post=248"},{"taxonomy":"product_tag","embeddable":true,"href":"https:\/\/mw-ethicformation.com\/index.php\/wp-json\/wp\/v2\/product_tag?post=248"}],"curies":[{"name":"wp","href":"https:\/\/api.w.org\/{rel}","templated":true}]}}