{"id":245,"date":"2022-12-12T16:05:47","date_gmt":"2022-12-12T15:05:47","guid":{"rendered":"https:\/\/mw-ethicformation.com\/?post_type=product&#038;p=245"},"modified":"2024-01-01T00:00:56","modified_gmt":"2023-12-31T23:00:56","slug":"formation-en-riropedagogie-partie-1","status":"publish","type":"product","link":"https:\/\/mw-ethicformation.com\/index.php\/produit\/formation-en-riropedagogie-partie-1\/","title":{"rendered":"Formation en Rirop\u00e9dagogie Partie 1"},"content":{"rendered":"<p>Dur\u00e9e : 20 m D\u00e9couvrir les sp\u00e9cificit\u00e9s du rire avec une p\u00e9dagogie ludique brevet\u00e9e dite&#8221;Rirop\u00e9dagogie&#8221; Niveau initiation. Identifier les causes et les r\u00e9percussions de toutes les formes d\u2019humour. Apprendre \u00e0 reconnaitre et \u00e0 utiliser ses mani\u00e8res de se d\u00e9tendre au quotidien. Exercices d\u2019application \u00e0 faire seul ou en famille.<\/p>\n","protected":false},"excerpt":{"rendered":"<p>Dur\u00e9e : 20 m D\u00e9couvrir les sp\u00e9cificit\u00e9s du rire avec une p\u00e9dagogie ludique brevet\u00e9e dite&#8221;Rirop\u00e9dagogie&#8221; Niveau initiation. Identifier les causes et les r\u00e9percussions de toutes les formes d\u2019humour. Apprendre \u00e0 reconnaitre et \u00e0 utiliser ses mani\u00e8res de se d\u00e9tendre au quotidien. Exercices d\u2019application \u00e0 faire seul ou en famille.<\/p>\n","protected":false},"featured_media":261,"comment_status":"open","ping_status":"closed","template":"","meta":[],"product_cat":[23],"product_tag":[],"class_list":["post-245","product","type-product","status-publish","has-post-thumbnail","hentry","product_cat-conference"],"_links":{"self":[{"href":"https:\/\/mw-ethicformation.com\/index.php\/wp-json\/wp\/v2\/product\/245","targetHints":{"allow":["GET"]}}],"collection":[{"href":"https:\/\/mw-ethicformation.com\/index.php\/wp-json\/wp\/v2\/product"}],"about":[{"href":"https:\/\/mw-ethicformation.com\/index.php\/wp-json\/wp\/v2\/types\/product"}],"replies":[{"embeddable":true,"href":"https:\/\/mw-ethicformation.com\/index.php\/wp-json\/wp\/v2\/comments?post=245"}],"wp:featuredmedia":[{"embeddable":true,"href":"https:\/\/mw-ethicformation.com\/index.php\/wp-json\/wp\/v2\/media\/261"}],"wp:attachment":[{"href":"https:\/\/mw-ethicformation.com\/index.php\/wp-json\/wp\/v2\/media?parent=245"}],"wp:term":[{"taxonomy":"product_cat","embeddable":true,"href":"https:\/\/mw-ethicformation.com\/index.php\/wp-json\/wp\/v2\/product_cat?post=245"},{"taxonomy":"product_tag","embeddable":true,"href":"https:\/\/mw-ethicformation.com\/index.php\/wp-json\/wp\/v2\/product_tag?post=245"}],"curies":[{"name":"wp","href":"https:\/\/api.w.org\/{rel}","templated":true}]}}