{"id":243,"date":"2022-12-12T16:02:51","date_gmt":"2022-12-12T15:02:51","guid":{"rendered":"https:\/\/mw-ethicformation.com\/?post_type=product&#038;p=243"},"modified":"2024-01-01T00:00:56","modified_gmt":"2023-12-31T23:00:56","slug":"formation-affirmation-de-soi","status":"publish","type":"product","link":"https:\/\/mw-ethicformation.com\/index.php\/produit\/formation-affirmation-de-soi\/","title":{"rendered":"Formation Affirmation de Soi"},"content":{"rendered":"<p>Dur\u00e9e : 16\u2032 14 . Niveau initiation D\u00e9couvrir les sp\u00e9cificit\u00e9s de l\u2019estime de soi ainsi que les param\u00e8tres de l\u2019affirmation de soi. Comprendre son r\u00f4le et ses attentes dans une discussion. D\u00e9couvrir les comportements difficiles et ceux qui nous d\u00e9rangent, afin de savoir y faire face. Savoir exprimer et affirmer ses choix. Analyses et conseils sur chaque cas.<\/p>\n","protected":false},"excerpt":{"rendered":"<p>Dur\u00e9e : 16\u2032 14 . Niveau initiation D\u00e9couvrir les sp\u00e9cificit\u00e9s de l\u2019estime de soi ainsi que les param\u00e8tres de l\u2019affirmation de soi. Comprendre son r\u00f4le et ses attentes dans une discussion. D\u00e9couvrir les comportements difficiles et ceux qui nous d\u00e9rangent, afin de savoir y faire face. Savoir exprimer et affirmer ses choix. Analyses et conseils&hellip; <br \/> <a class=\"read-more\" href=\"https:\/\/mw-ethicformation.com\/index.php\/produit\/formation-affirmation-de-soi\/\">Lire la suite<\/a><\/p>\n","protected":false},"featured_media":261,"comment_status":"open","ping_status":"closed","template":"","meta":[],"product_cat":[23],"product_tag":[],"class_list":["post-243","product","type-product","status-publish","has-post-thumbnail","hentry","product_cat-conference"],"_links":{"self":[{"href":"https:\/\/mw-ethicformation.com\/index.php\/wp-json\/wp\/v2\/product\/243","targetHints":{"allow":["GET"]}}],"collection":[{"href":"https:\/\/mw-ethicformation.com\/index.php\/wp-json\/wp\/v2\/product"}],"about":[{"href":"https:\/\/mw-ethicformation.com\/index.php\/wp-json\/wp\/v2\/types\/product"}],"replies":[{"embeddable":true,"href":"https:\/\/mw-ethicformation.com\/index.php\/wp-json\/wp\/v2\/comments?post=243"}],"wp:featuredmedia":[{"embeddable":true,"href":"https:\/\/mw-ethicformation.com\/index.php\/wp-json\/wp\/v2\/media\/261"}],"wp:attachment":[{"href":"https:\/\/mw-ethicformation.com\/index.php\/wp-json\/wp\/v2\/media?parent=243"}],"wp:term":[{"taxonomy":"product_cat","embeddable":true,"href":"https:\/\/mw-ethicformation.com\/index.php\/wp-json\/wp\/v2\/product_cat?post=243"},{"taxonomy":"product_tag","embeddable":true,"href":"https:\/\/mw-ethicformation.com\/index.php\/wp-json\/wp\/v2\/product_tag?post=243"}],"curies":[{"name":"wp","href":"https:\/\/api.w.org\/{rel}","templated":true}]}}