{"id":240,"date":"2022-12-12T16:01:44","date_gmt":"2022-12-12T15:01:44","guid":{"rendered":"https:\/\/mw-ethicformation.com\/?post_type=product&#038;p=240"},"modified":"2024-06-30T09:44:14","modified_gmt":"2024-06-30T07:44:14","slug":"conference-hyper-emotivite-2","status":"publish","type":"product","link":"https:\/\/mw-ethicformation.com\/index.php\/produit\/conference-hyper-emotivite-2\/","title":{"rendered":"Conf\u00e9rence Hyper Emotivit\u00e9"},"content":{"rendered":"<p>Dur\u00e9e 11\u201922 Niveau initiation. D\u00e9couverte des fondamentaux de l\u2019hypersensibilit\u00e9 et de ce que veut dire \u00eatre Syntone. Comprendre sa sensibilit\u00e9 et savoir s\u2019en servir. Identifier les causes, les cons\u00e9quences ainsi que les caract\u00e9ristiques de cet \u00e9tat. Apprendre \u00e0 se prot\u00e9ger de ses \u00e9tats \u00e9motionnels intenses.<\/p>\n","protected":false},"excerpt":{"rendered":"<p>Dur\u00e9e 11\u201922 Niveau initiation. D\u00e9couverte des fondamentaux de l\u2019hypersensibilit\u00e9 et de ce que veut dire \u00eatre Syntone. Comprendre sa sensibilit\u00e9 et savoir s\u2019en servir. Identifier les causes, les cons\u00e9quences ainsi que les caract\u00e9ristiques de cet \u00e9tat. Apprendre \u00e0 se prot\u00e9ger de ses \u00e9tats \u00e9motionnels intenses.<\/p>\n","protected":false},"featured_media":261,"comment_status":"open","ping_status":"closed","template":"","meta":[],"product_cat":[23],"product_tag":[],"class_list":["post-240","product","type-product","status-publish","has-post-thumbnail","hentry","product_cat-conference"],"_links":{"self":[{"href":"https:\/\/mw-ethicformation.com\/index.php\/wp-json\/wp\/v2\/product\/240","targetHints":{"allow":["GET"]}}],"collection":[{"href":"https:\/\/mw-ethicformation.com\/index.php\/wp-json\/wp\/v2\/product"}],"about":[{"href":"https:\/\/mw-ethicformation.com\/index.php\/wp-json\/wp\/v2\/types\/product"}],"replies":[{"embeddable":true,"href":"https:\/\/mw-ethicformation.com\/index.php\/wp-json\/wp\/v2\/comments?post=240"}],"wp:featuredmedia":[{"embeddable":true,"href":"https:\/\/mw-ethicformation.com\/index.php\/wp-json\/wp\/v2\/media\/261"}],"wp:attachment":[{"href":"https:\/\/mw-ethicformation.com\/index.php\/wp-json\/wp\/v2\/media?parent=240"}],"wp:term":[{"taxonomy":"product_cat","embeddable":true,"href":"https:\/\/mw-ethicformation.com\/index.php\/wp-json\/wp\/v2\/product_cat?post=240"},{"taxonomy":"product_tag","embeddable":true,"href":"https:\/\/mw-ethicformation.com\/index.php\/wp-json\/wp\/v2\/product_tag?post=240"}],"curies":[{"name":"wp","href":"https:\/\/api.w.org\/{rel}","templated":true}]}}