{"id":237,"date":"2022-12-12T15:59:49","date_gmt":"2022-12-12T14:59:49","guid":{"rendered":"https:\/\/mw-ethicformation.com\/?post_type=product&#038;p=237"},"modified":"2024-01-01T00:00:56","modified_gmt":"2023-12-31T23:00:56","slug":"conference-precocite","status":"publish","type":"product","link":"https:\/\/mw-ethicformation.com\/index.php\/produit\/conference-precocite\/","title":{"rendered":"Conf\u00e9rence Pr\u00e9cocit\u00e9"},"content":{"rendered":"<p>Dur\u00e9e : 13\u2032 56 . Niveau initiation. Conf\u00e9rence de d\u00e9couverte des param\u00e8tres de la pr\u00e9cocit\u00e9. Qui sont-ils et comment les comprendre? Origine et fonctionnement de cette diff\u00e9rence. Comment accompagner une personne surdou\u00e9e.<\/p>\n","protected":false},"excerpt":{"rendered":"<p>Dur\u00e9e : 13\u2032 56 . Niveau initiation. Conf\u00e9rence de d\u00e9couverte des param\u00e8tres de la pr\u00e9cocit\u00e9. Qui sont-ils et comment les comprendre? Origine et fonctionnement de cette diff\u00e9rence. Comment accompagner une personne surdou\u00e9e.<\/p>\n","protected":false},"featured_media":261,"comment_status":"open","ping_status":"closed","template":"","meta":[],"product_cat":[23],"product_tag":[],"class_list":["post-237","product","type-product","status-publish","has-post-thumbnail","hentry","product_cat-conference"],"_links":{"self":[{"href":"https:\/\/mw-ethicformation.com\/index.php\/wp-json\/wp\/v2\/product\/237","targetHints":{"allow":["GET"]}}],"collection":[{"href":"https:\/\/mw-ethicformation.com\/index.php\/wp-json\/wp\/v2\/product"}],"about":[{"href":"https:\/\/mw-ethicformation.com\/index.php\/wp-json\/wp\/v2\/types\/product"}],"replies":[{"embeddable":true,"href":"https:\/\/mw-ethicformation.com\/index.php\/wp-json\/wp\/v2\/comments?post=237"}],"wp:featuredmedia":[{"embeddable":true,"href":"https:\/\/mw-ethicformation.com\/index.php\/wp-json\/wp\/v2\/media\/261"}],"wp:attachment":[{"href":"https:\/\/mw-ethicformation.com\/index.php\/wp-json\/wp\/v2\/media?parent=237"}],"wp:term":[{"taxonomy":"product_cat","embeddable":true,"href":"https:\/\/mw-ethicformation.com\/index.php\/wp-json\/wp\/v2\/product_cat?post=237"},{"taxonomy":"product_tag","embeddable":true,"href":"https:\/\/mw-ethicformation.com\/index.php\/wp-json\/wp\/v2\/product_tag?post=237"}],"curies":[{"name":"wp","href":"https:\/\/api.w.org\/{rel}","templated":true}]}}