{"id":220,"date":"2022-12-12T15:36:49","date_gmt":"2022-12-12T14:36:49","guid":{"rendered":"https:\/\/mw-ethicformation.com\/?post_type=product&#038;p=220"},"modified":"2024-01-01T00:00:56","modified_gmt":"2023-12-31T23:00:56","slug":"support-lecture-rapide","status":"publish","type":"product","link":"https:\/\/mw-ethicformation.com\/index.php\/produit\/support-lecture-rapide\/","title":{"rendered":"Support Lecture Rapide"},"content":{"rendered":"<p>M\u00e9thode juridique et celle des mots de liaison con\u00e7ues et brevet\u00e9es par Muriel WATIER en 2000 et qui servent encore de rep\u00e8re dans les lectures professionnelles.<br \/>\nPr\u00e9sentation des quatre m\u00e9thodes de lecture rapide : celle de Richaudeau, celle du mot de liaison, celle initiale et celle juridique.<br \/>\nDocument de formation avec plan de pr\u00e9sentation et explication de ces modes de lecture.<\/p>\n<p>Document Word en PDF<\/p>\n","protected":false},"excerpt":{"rendered":"<p>Document word de six pages, mis en format PDF<br \/>\nR\u00e9capitulatif d\u00e9taill\u00e9 de ces lectures avec leurs descriptifs et utilit\u00e9s, ainsi que leur utilisation.<br \/>\nPhotocopie des mots de liaison offerte dans ce support.<br \/>\nDocument indispensable pour s\u2019initier \u00e0 d\u2019autres mani\u00e8res de lire.<br \/>\nLes supports d\u2019exercices, afin de s\u2019entra\u00eener, vont venir se rajouter prochainement \u00e0 la boutique.<\/p>\n","protected":false},"featured_media":260,"comment_status":"open","ping_status":"closed","template":"","meta":[],"product_cat":[22],"product_tag":[],"class_list":["post-220","product","type-product","status-publish","has-post-thumbnail","hentry","product_cat-article-ou-support-de-formation"],"_links":{"self":[{"href":"https:\/\/mw-ethicformation.com\/index.php\/wp-json\/wp\/v2\/product\/220","targetHints":{"allow":["GET"]}}],"collection":[{"href":"https:\/\/mw-ethicformation.com\/index.php\/wp-json\/wp\/v2\/product"}],"about":[{"href":"https:\/\/mw-ethicformation.com\/index.php\/wp-json\/wp\/v2\/types\/product"}],"replies":[{"embeddable":true,"href":"https:\/\/mw-ethicformation.com\/index.php\/wp-json\/wp\/v2\/comments?post=220"}],"wp:featuredmedia":[{"embeddable":true,"href":"https:\/\/mw-ethicformation.com\/index.php\/wp-json\/wp\/v2\/media\/260"}],"wp:attachment":[{"href":"https:\/\/mw-ethicformation.com\/index.php\/wp-json\/wp\/v2\/media?parent=220"}],"wp:term":[{"taxonomy":"product_cat","embeddable":true,"href":"https:\/\/mw-ethicformation.com\/index.php\/wp-json\/wp\/v2\/product_cat?post=220"},{"taxonomy":"product_tag","embeddable":true,"href":"https:\/\/mw-ethicformation.com\/index.php\/wp-json\/wp\/v2\/product_tag?post=220"}],"curies":[{"name":"wp","href":"https:\/\/api.w.org\/{rel}","templated":true}]}}