{"id":215,"date":"2022-12-12T15:33:50","date_gmt":"2022-12-12T14:33:50","guid":{"rendered":"https:\/\/mw-ethicformation.com\/?post_type=product&#038;p=215"},"modified":"2024-03-25T00:10:12","modified_gmt":"2024-03-24T23:10:12","slug":"support-entretien-devaluation","status":"publish","type":"product","link":"https:\/\/mw-ethicformation.com\/index.php\/produit\/support-entretien-devaluation\/","title":{"rendered":"Support Entretien d\u2019Evaluation"},"content":{"rendered":"<p>Contenu du stage initiation \u00e0 l\u2019entretien annuel d\u2019\u00e9valuation.<br \/>\nSupport avec plan, informations d\u00e9taill\u00e9es, donn\u00e9es l\u00e9gales et mode d\u2019emploi pour connaitre, animer et concevoir efficacement les diff\u00e9rentes grilles de l\u2019entretien d\u2019\u00e9valuation.<\/p>\n<p>Document Word en PDF.<\/p>\n","protected":false},"excerpt":{"rendered":"<p>Document word de sept pages, mis en format PDF<br \/>\nDocument pr\u00e9cis avec les principes fondamentaux sur le suivi et la conception d\u2019un entretien d\u2019\u00e9valuation pour les responsables d\u2019une \u00e9quipe.<br \/>\nDocument de d\u00e9marrage indispensable \u00e0 tout responsable de personnel.<\/p>\n","protected":false},"featured_media":262,"comment_status":"open","ping_status":"closed","template":"","meta":[],"product_cat":[22],"product_tag":[],"class_list":["post-215","product","type-product","status-publish","has-post-thumbnail","hentry","product_cat-article-ou-support-de-formation"],"_links":{"self":[{"href":"https:\/\/mw-ethicformation.com\/index.php\/wp-json\/wp\/v2\/product\/215","targetHints":{"allow":["GET"]}}],"collection":[{"href":"https:\/\/mw-ethicformation.com\/index.php\/wp-json\/wp\/v2\/product"}],"about":[{"href":"https:\/\/mw-ethicformation.com\/index.php\/wp-json\/wp\/v2\/types\/product"}],"replies":[{"embeddable":true,"href":"https:\/\/mw-ethicformation.com\/index.php\/wp-json\/wp\/v2\/comments?post=215"}],"wp:featuredmedia":[{"embeddable":true,"href":"https:\/\/mw-ethicformation.com\/index.php\/wp-json\/wp\/v2\/media\/262"}],"wp:attachment":[{"href":"https:\/\/mw-ethicformation.com\/index.php\/wp-json\/wp\/v2\/media?parent=215"}],"wp:term":[{"taxonomy":"product_cat","embeddable":true,"href":"https:\/\/mw-ethicformation.com\/index.php\/wp-json\/wp\/v2\/product_cat?post=215"},{"taxonomy":"product_tag","embeddable":true,"href":"https:\/\/mw-ethicformation.com\/index.php\/wp-json\/wp\/v2\/product_tag?post=215"}],"curies":[{"name":"wp","href":"https:\/\/api.w.org\/{rel}","templated":true}]}}