{"id":205,"date":"2022-12-12T15:21:37","date_gmt":"2022-12-12T14:21:37","guid":{"rendered":"https:\/\/mw-ethicformation.com\/?post_type=product&#038;p=205"},"modified":"2024-01-01T00:00:56","modified_gmt":"2023-12-31T23:00:56","slug":"support-formation-de-formateur","status":"publish","type":"product","link":"https:\/\/mw-ethicformation.com\/index.php\/produit\/support-formation-de-formateur\/","title":{"rendered":"Support Formation de Formateur"},"content":{"rendered":"<p>Programme de formation initiale pour devenir un formateur p\u00e9dagogue.<\/p>\n<p>Support avec plan et informations pratiques sur les \u00e9tapes de l\u2019amont, du d\u00e9roulement et de l\u2019\u00e9valuation d\u2019une session de formation.<\/p>\n<p>Il existe aussi le questionnaire du futur formateur dans la boutique, qui pr\u00e9sente les diff\u00e9rentes questions \u00e0 se poser dans le cadre de cette fonction.<\/p>\n<p>Document Word en PDF.<\/p>\n","protected":false},"excerpt":{"rendered":"<p>Document word de six pages, mis en format PDF<br \/>\nConstats, conseils et mises en situation sur les cas les plus r\u00e9pandus des difficult\u00e9s en stage.<\/p>\n","protected":false},"featured_media":263,"comment_status":"open","ping_status":"closed","template":"","meta":[],"product_cat":[22],"product_tag":[],"class_list":["post-205","product","type-product","status-publish","has-post-thumbnail","hentry","product_cat-article-ou-support-de-formation"],"_links":{"self":[{"href":"https:\/\/mw-ethicformation.com\/index.php\/wp-json\/wp\/v2\/product\/205","targetHints":{"allow":["GET"]}}],"collection":[{"href":"https:\/\/mw-ethicformation.com\/index.php\/wp-json\/wp\/v2\/product"}],"about":[{"href":"https:\/\/mw-ethicformation.com\/index.php\/wp-json\/wp\/v2\/types\/product"}],"replies":[{"embeddable":true,"href":"https:\/\/mw-ethicformation.com\/index.php\/wp-json\/wp\/v2\/comments?post=205"}],"wp:featuredmedia":[{"embeddable":true,"href":"https:\/\/mw-ethicformation.com\/index.php\/wp-json\/wp\/v2\/media\/263"}],"wp:attachment":[{"href":"https:\/\/mw-ethicformation.com\/index.php\/wp-json\/wp\/v2\/media?parent=205"}],"wp:term":[{"taxonomy":"product_cat","embeddable":true,"href":"https:\/\/mw-ethicformation.com\/index.php\/wp-json\/wp\/v2\/product_cat?post=205"},{"taxonomy":"product_tag","embeddable":true,"href":"https:\/\/mw-ethicformation.com\/index.php\/wp-json\/wp\/v2\/product_tag?post=205"}],"curies":[{"name":"wp","href":"https:\/\/api.w.org\/{rel}","templated":true}]}}