{"id":200,"date":"2022-12-12T15:17:21","date_gmt":"2022-12-12T14:17:21","guid":{"rendered":"https:\/\/mw-ethicformation.com\/?post_type=product&#038;p=200"},"modified":"2024-01-01T00:00:56","modified_gmt":"2023-12-31T23:00:56","slug":"support-epreuve-technique-de-concours","status":"publish","type":"product","link":"https:\/\/mw-ethicformation.com\/index.php\/produit\/support-epreuve-technique-de-concours\/","title":{"rendered":"Support Epreuve Technique de concours"},"content":{"rendered":"<p>M\u00e9thode con\u00e7ue et brevet\u00e9e par Muriel WATIER en 1999 qui a fait r\u00e9f\u00e9rence dans le minist\u00e8re de l\u2019\u00e9quipement avec de nombreuses formations du personnel ainsi que celles de formateurs internes.<br \/>\nSupport pr\u00e9cis et d\u00e9taill\u00e9 de chaque \u00e9tape m\u00e9thodologique dans la connaissance et le d\u00e9roulement des \u00e9preuves techniques.<\/p>\n<p>Document Word en PDF.<\/p>\n","protected":false},"excerpt":{"rendered":"<p>Document word de six pages, mis en format PDF<br \/>\nInformations et conseils pr\u00e9cis et d\u00e9taill\u00e9s sur la mise en page, la compr\u00e9hension de l\u2019\u00e9nonc\u00e9, l\u2019identification des cat\u00e9gories de question et la conception du style de r\u00e9daction efficient.<\/p>\n","protected":false},"featured_media":264,"comment_status":"open","ping_status":"closed","template":"","meta":[],"product_cat":[22],"product_tag":[],"class_list":["post-200","product","type-product","status-publish","has-post-thumbnail","hentry","product_cat-article-ou-support-de-formation"],"_links":{"self":[{"href":"https:\/\/mw-ethicformation.com\/index.php\/wp-json\/wp\/v2\/product\/200","targetHints":{"allow":["GET"]}}],"collection":[{"href":"https:\/\/mw-ethicformation.com\/index.php\/wp-json\/wp\/v2\/product"}],"about":[{"href":"https:\/\/mw-ethicformation.com\/index.php\/wp-json\/wp\/v2\/types\/product"}],"replies":[{"embeddable":true,"href":"https:\/\/mw-ethicformation.com\/index.php\/wp-json\/wp\/v2\/comments?post=200"}],"wp:featuredmedia":[{"embeddable":true,"href":"https:\/\/mw-ethicformation.com\/index.php\/wp-json\/wp\/v2\/media\/264"}],"wp:attachment":[{"href":"https:\/\/mw-ethicformation.com\/index.php\/wp-json\/wp\/v2\/media?parent=200"}],"wp:term":[{"taxonomy":"product_cat","embeddable":true,"href":"https:\/\/mw-ethicformation.com\/index.php\/wp-json\/wp\/v2\/product_cat?post=200"},{"taxonomy":"product_tag","embeddable":true,"href":"https:\/\/mw-ethicformation.com\/index.php\/wp-json\/wp\/v2\/product_tag?post=200"}],"curies":[{"name":"wp","href":"https:\/\/api.w.org\/{rel}","templated":true}]}}