{"id":197,"date":"2022-12-12T15:15:29","date_gmt":"2022-12-12T14:15:29","guid":{"rendered":"https:\/\/mw-ethicformation.com\/?post_type=product&#038;p=197"},"modified":"2024-11-05T06:37:53","modified_gmt":"2024-11-05T05:37:53","slug":"support-prise-de-parole-en-public","status":"publish","type":"product","link":"https:\/\/mw-ethicformation.com\/index.php\/produit\/support-prise-de-parole-en-public\/","title":{"rendered":"Support Prise de Parole en Public"},"content":{"rendered":"<p>Que se soit lors d\u2019un expos\u00e9, d&#8217;une r\u00e9union ou d&#8217;une discussion, nos propos ont un objectif : se faire comprendre et persuader de sa l\u00e9gitimit\u00e9 \u00e0 parler.<br \/>\nCe support pr\u00e9sente toutes les indications pr\u00e9cises et d\u00e9taill\u00e9es pour am\u00e9liorer son discours: de la pr\u00e9paration au contenu, en passant par le ton de voix, les gestuelles et surtout la gestion des probl\u00e8mes les plus fr\u00e9quents.<\/p>\n<p>Document Word en PDF.<\/p>\n","protected":false},"excerpt":{"rendered":"<p>Document word de cinq pages, mis en format PDF.<br \/>\nDocument de base indispensable \u00e0 l\u2019am\u00e9lioration de son expression orale .<br \/>\nVoir aussi le questionnaire sur l\u2019expression orale qui peut vous aider \u00e0 clarifier vos probl\u00e8mes dans ce domaine.<\/p>\n","protected":false},"featured_media":285,"comment_status":"open","ping_status":"closed","template":"","meta":[],"product_cat":[22],"product_tag":[],"class_list":["post-197","product","type-product","status-publish","has-post-thumbnail","hentry","product_cat-article-ou-support-de-formation"],"_links":{"self":[{"href":"https:\/\/mw-ethicformation.com\/index.php\/wp-json\/wp\/v2\/product\/197","targetHints":{"allow":["GET"]}}],"collection":[{"href":"https:\/\/mw-ethicformation.com\/index.php\/wp-json\/wp\/v2\/product"}],"about":[{"href":"https:\/\/mw-ethicformation.com\/index.php\/wp-json\/wp\/v2\/types\/product"}],"replies":[{"embeddable":true,"href":"https:\/\/mw-ethicformation.com\/index.php\/wp-json\/wp\/v2\/comments?post=197"}],"wp:featuredmedia":[{"embeddable":true,"href":"https:\/\/mw-ethicformation.com\/index.php\/wp-json\/wp\/v2\/media\/285"}],"wp:attachment":[{"href":"https:\/\/mw-ethicformation.com\/index.php\/wp-json\/wp\/v2\/media?parent=197"}],"wp:term":[{"taxonomy":"product_cat","embeddable":true,"href":"https:\/\/mw-ethicformation.com\/index.php\/wp-json\/wp\/v2\/product_cat?post=197"},{"taxonomy":"product_tag","embeddable":true,"href":"https:\/\/mw-ethicformation.com\/index.php\/wp-json\/wp\/v2\/product_tag?post=197"}],"curies":[{"name":"wp","href":"https:\/\/api.w.org\/{rel}","templated":true}]}}