{"id":188,"date":"2022-11-21T15:43:10","date_gmt":"2022-11-21T14:43:10","guid":{"rendered":"http:\/\/mw-ethicformation.com\/?post_type=product&#038;p=188"},"modified":"2024-01-01T00:00:56","modified_gmt":"2023-12-31T23:00:56","slug":"preparation-a-loral-de-concours","status":"publish","type":"product","link":"https:\/\/mw-ethicformation.com\/index.php\/produit\/preparation-a-loral-de-concours\/","title":{"rendered":"Pr\u00e9paration \u00e0 l\u2019Oral de Concours"},"content":{"rendered":"<p><span style=\"font-weight: 400;\">Ancienne correctrice du minist\u00e8re de l\u2019\u00e9quipement, Muriel WATIER a con\u00e7u une m\u00e9thode simple mais efficace pour se pr\u00e9parer aux oraux de concours.<\/span><\/p>\n<p><span style=\"font-weight: 400;\">Support complet, de cinq pages, de la pr\u00e9paration de l\u2019amont au d\u00e9roulement d\u2019un oral de concours.<\/span><\/p>\n<p>Document Word en PDF.<\/p>\n","protected":false},"excerpt":{"rendered":"<p><span style=\"font-weight: 400;\">Document word de cinq pages, mis en format PDF.<\/span><\/p>\n<p><span style=\"font-weight: 400;\">Informations d\u00e9taill\u00e9es et pratiques sur la construction de son discours, la communication non verbale et la gestion de son \u00a0stress.Document initial indispensable pour une bonne pr\u00e9paration \u00e0 un oral de concours.Voir questionnaire sur l\u2019expression orale qui peut aussi vous aider \u00e0 clarifier les probl\u00e8mes que vous rencontrez dans ce domaine.<\/span><\/p>\n","protected":false},"featured_media":269,"comment_status":"open","ping_status":"closed","template":"","meta":[],"product_cat":[22],"product_tag":[],"class_list":["post-188","product","type-product","status-publish","has-post-thumbnail","hentry","product_cat-article-ou-support-de-formation"],"_links":{"self":[{"href":"https:\/\/mw-ethicformation.com\/index.php\/wp-json\/wp\/v2\/product\/188","targetHints":{"allow":["GET"]}}],"collection":[{"href":"https:\/\/mw-ethicformation.com\/index.php\/wp-json\/wp\/v2\/product"}],"about":[{"href":"https:\/\/mw-ethicformation.com\/index.php\/wp-json\/wp\/v2\/types\/product"}],"replies":[{"embeddable":true,"href":"https:\/\/mw-ethicformation.com\/index.php\/wp-json\/wp\/v2\/comments?post=188"}],"wp:featuredmedia":[{"embeddable":true,"href":"https:\/\/mw-ethicformation.com\/index.php\/wp-json\/wp\/v2\/media\/269"}],"wp:attachment":[{"href":"https:\/\/mw-ethicformation.com\/index.php\/wp-json\/wp\/v2\/media?parent=188"}],"wp:term":[{"taxonomy":"product_cat","embeddable":true,"href":"https:\/\/mw-ethicformation.com\/index.php\/wp-json\/wp\/v2\/product_cat?post=188"},{"taxonomy":"product_tag","embeddable":true,"href":"https:\/\/mw-ethicformation.com\/index.php\/wp-json\/wp\/v2\/product_tag?post=188"}],"curies":[{"name":"wp","href":"https:\/\/api.w.org\/{rel}","templated":true}]}}