{"id":183,"date":"2022-11-21T15:38:48","date_gmt":"2022-11-21T14:38:48","guid":{"rendered":"http:\/\/mw-ethicformation.com\/?post_type=product&#038;p=183"},"modified":"2024-01-01T00:00:57","modified_gmt":"2023-12-31T23:00:57","slug":"attentes-dun-futur-formateur","status":"publish","type":"product","link":"https:\/\/mw-ethicformation.com\/index.php\/produit\/attentes-dun-futur-formateur\/","title":{"rendered":"Attentes d\u2019un futur formateur"},"content":{"rendered":"<p><span style=\"font-weight: 400;\">Support d\u2019analyse en amont du support de formation de formateur.<\/span><\/p>\n<p><span style=\"font-weight: 400;\">Questionnaire pr\u00e9cis et r\u00e9capitulatif \u00a0de recherche des attentes et des probl\u00e8mes rencontr\u00e9s par un \u00a0formateur.<\/span><\/p>\n<p>&nbsp;<\/p>\n<p>Document Word en PDF.<\/p>\n","protected":false},"excerpt":{"rendered":"<p><span style=\"font-weight: 400;\">Document word de deux pages, mis en format PDF.<\/span><\/p>\n<p><span style=\"font-weight: 400;\">Voir support de formation de formateur qui compl\u00e8te et approfondit vos r\u00e9ponses \u00e0 ce questionnaire.<\/span><\/p>\n","protected":false},"featured_media":287,"comment_status":"open","ping_status":"closed","template":"","meta":[],"product_cat":[22],"product_tag":[],"class_list":["post-183","product","type-product","status-publish","has-post-thumbnail","hentry","product_cat-article-ou-support-de-formation"],"_links":{"self":[{"href":"https:\/\/mw-ethicformation.com\/index.php\/wp-json\/wp\/v2\/product\/183","targetHints":{"allow":["GET"]}}],"collection":[{"href":"https:\/\/mw-ethicformation.com\/index.php\/wp-json\/wp\/v2\/product"}],"about":[{"href":"https:\/\/mw-ethicformation.com\/index.php\/wp-json\/wp\/v2\/types\/product"}],"replies":[{"embeddable":true,"href":"https:\/\/mw-ethicformation.com\/index.php\/wp-json\/wp\/v2\/comments?post=183"}],"wp:featuredmedia":[{"embeddable":true,"href":"https:\/\/mw-ethicformation.com\/index.php\/wp-json\/wp\/v2\/media\/287"}],"wp:attachment":[{"href":"https:\/\/mw-ethicformation.com\/index.php\/wp-json\/wp\/v2\/media?parent=183"}],"wp:term":[{"taxonomy":"product_cat","embeddable":true,"href":"https:\/\/mw-ethicformation.com\/index.php\/wp-json\/wp\/v2\/product_cat?post=183"},{"taxonomy":"product_tag","embeddable":true,"href":"https:\/\/mw-ethicformation.com\/index.php\/wp-json\/wp\/v2\/product_tag?post=183"}],"curies":[{"name":"wp","href":"https:\/\/api.w.org\/{rel}","templated":true}]}}