{"id":165,"date":"2022-11-21T15:19:57","date_gmt":"2022-11-21T14:19:57","guid":{"rendered":"http:\/\/mw-ethicformation.com\/?post_type=product&#038;p=165"},"modified":"2024-11-11T00:55:37","modified_gmt":"2024-11-10T23:55:37","slug":"support-self-defense","status":"publish","type":"product","link":"https:\/\/mw-ethicformation.com\/index.php\/produit\/support-self-defense\/","title":{"rendered":"Support Self D\u00e9fense"},"content":{"rendered":"<p><span style=\"font-weight: 400;\">Document de synth\u00e8se qui contient des d\u00e9finitions , les profils des agresseurs, les situations \u00e0 risque et les mises en sc\u00e8ne des gestes de survie.<\/span><\/p>\n<p><span style=\"font-weight: 400;\">Support \u00e9crit de formation d\u2019une journ\u00e9e qui va vous aider \u00e0 vous retrouver dans les risques possibles.<\/span><\/p>\n<p><span style=\"font-weight: 400;\">Document des gestes de survie offert avec ce support.<\/span><\/p>\n<p>Document Word en PDF.<\/p>\n","protected":false},"excerpt":{"rendered":"<p>Document de synth\u00e8se qui contient des d\u00e9finitions , les profils des agresseurs, les situations \u00e0 risque et les mises en sc\u00e8ne des gestes de survie. Support \u00e9crit de formation d\u2019une journ\u00e9e qui va vous aider \u00e0 vous retrouver dans les risques possibles. Document des gestes de survie offert avec ce support. Document Word en PDF.<\/p>\n","protected":false},"featured_media":284,"comment_status":"open","ping_status":"closed","template":"","meta":[],"product_cat":[22],"product_tag":[],"class_list":["post-165","product","type-product","status-publish","has-post-thumbnail","hentry","product_cat-article-ou-support-de-formation"],"_links":{"self":[{"href":"https:\/\/mw-ethicformation.com\/index.php\/wp-json\/wp\/v2\/product\/165","targetHints":{"allow":["GET"]}}],"collection":[{"href":"https:\/\/mw-ethicformation.com\/index.php\/wp-json\/wp\/v2\/product"}],"about":[{"href":"https:\/\/mw-ethicformation.com\/index.php\/wp-json\/wp\/v2\/types\/product"}],"replies":[{"embeddable":true,"href":"https:\/\/mw-ethicformation.com\/index.php\/wp-json\/wp\/v2\/comments?post=165"}],"wp:featuredmedia":[{"embeddable":true,"href":"https:\/\/mw-ethicformation.com\/index.php\/wp-json\/wp\/v2\/media\/284"}],"wp:attachment":[{"href":"https:\/\/mw-ethicformation.com\/index.php\/wp-json\/wp\/v2\/media?parent=165"}],"wp:term":[{"taxonomy":"product_cat","embeddable":true,"href":"https:\/\/mw-ethicformation.com\/index.php\/wp-json\/wp\/v2\/product_cat?post=165"},{"taxonomy":"product_tag","embeddable":true,"href":"https:\/\/mw-ethicformation.com\/index.php\/wp-json\/wp\/v2\/product_tag?post=165"}],"curies":[{"name":"wp","href":"https:\/\/api.w.org\/{rel}","templated":true}]}}