{"id":156,"date":"2022-11-21T15:16:28","date_gmt":"2022-11-21T14:16:28","guid":{"rendered":"http:\/\/mw-ethicformation.com\/?post_type=product&#038;p=156"},"modified":"2023-09-02T00:05:21","modified_gmt":"2023-09-01T22:05:21","slug":"test-de-raisonnement","status":"publish","type":"product","link":"https:\/\/mw-ethicformation.com\/index.php\/produit\/test-de-raisonnement\/","title":{"rendered":"Test de raisonnement"},"content":{"rendered":"<p><span style=\"font-weight: 400;\">Voici l\u2019unique test pr\u00e9cis, en exclusivit\u00e9 web, qui va vous permettre d\u2019\u00e9valuer votre mani\u00e8re personnelle de penser.<\/span><\/p>\n<p><span style=\"font-weight: 400;\">Six raisonnements vont vous permettre de vous \u00e9valuer dans vos dominantes et vos logiques activ\u00e9es.<\/span><\/p>\n<p>Un d\u00e9pouillement personnalis\u00e9 vous sera ensuite adress\u00e9.<\/p>\n<p>Document Word en PDF.<\/p>\n<p><span style=\"font-weight: 400;\">Un document indispensable pour mieux vous connaitre.<\/span><\/p>\n<p>&nbsp;<\/p>\n","protected":false},"excerpt":{"rendered":"<p>Voici l\u2019unique test pr\u00e9cis, en exclusivit\u00e9 web, qui va vous permettre d\u2019\u00e9valuer votre mani\u00e8re personnelle de penser. Six raisonnements vont vous permettre de vous \u00e9valuer dans vos dominantes et vos logiques activ\u00e9es. Un d\u00e9pouillement personnalis\u00e9 vous sera ensuite adress\u00e9. Document Word en PDF. Un document indispensable pour mieux vous connaitre. &nbsp;<\/p>\n","protected":false},"featured_media":140,"comment_status":"open","ping_status":"closed","template":"","meta":[],"product_cat":[19],"product_tag":[],"class_list":["post-156","product","type-product","status-publish","has-post-thumbnail","hentry","product_cat-test"],"_links":{"self":[{"href":"https:\/\/mw-ethicformation.com\/index.php\/wp-json\/wp\/v2\/product\/156","targetHints":{"allow":["GET"]}}],"collection":[{"href":"https:\/\/mw-ethicformation.com\/index.php\/wp-json\/wp\/v2\/product"}],"about":[{"href":"https:\/\/mw-ethicformation.com\/index.php\/wp-json\/wp\/v2\/types\/product"}],"replies":[{"embeddable":true,"href":"https:\/\/mw-ethicformation.com\/index.php\/wp-json\/wp\/v2\/comments?post=156"}],"wp:featuredmedia":[{"embeddable":true,"href":"https:\/\/mw-ethicformation.com\/index.php\/wp-json\/wp\/v2\/media\/140"}],"wp:attachment":[{"href":"https:\/\/mw-ethicformation.com\/index.php\/wp-json\/wp\/v2\/media?parent=156"}],"wp:term":[{"taxonomy":"product_cat","embeddable":true,"href":"https:\/\/mw-ethicformation.com\/index.php\/wp-json\/wp\/v2\/product_cat?post=156"},{"taxonomy":"product_tag","embeddable":true,"href":"https:\/\/mw-ethicformation.com\/index.php\/wp-json\/wp\/v2\/product_tag?post=156"}],"curies":[{"name":"wp","href":"https:\/\/api.w.org\/{rel}","templated":true}]}}