{"id":147,"date":"2022-11-21T15:05:04","date_gmt":"2022-11-21T14:05:04","guid":{"rendered":"http:\/\/mw-ethicformation.com\/?post_type=product&#038;p=147"},"modified":"2024-07-08T11:28:04","modified_gmt":"2024-07-08T09:28:04","slug":"questionnaire-entretien-devaluation","status":"publish","type":"product","link":"https:\/\/mw-ethicformation.com\/index.php\/produit\/questionnaire-entretien-devaluation\/","title":{"rendered":"Questionnaire Entretien d\u2019Evaluation"},"content":{"rendered":"<p><span style=\"font-weight: 400;\">Questionnaire\u00a0d\u2019analyse en amont\u00a0 afin de cerner les difficult\u00e9s dans un entretien d\u2019\u00e9valuation.<\/span><\/p>\n<p>Cela va apporter un \u00e9clairage pr\u00e9liminaire sur le support entretien \u00e9valuation.<\/p>\n<p>Document Word en PDF.<\/p>\n","protected":false},"excerpt":{"rendered":"<p><span style=\"font-weight: 400;\">Document word de deux pages, mis en format PDF.<\/span><\/p>\n<p><span style=\"font-weight: 400;\">Document pr\u00e9cis qui permet de rep\u00e9rer ses probl\u00e8mes\u00a0sur tous les aspects de cet entretien ( grille, animation, compte rendu). Outil de pr\u00e9paration sur l\u2019entretien d\u2019\u00e9valuation.<\/span><\/p>\n<p><span style=\"font-weight: 400;\">Ce questionnaire permet d&#8217;\u00e9tablir un constat qui vous aidera \u00e0 cibler votre probl\u00e8me.<\/span><\/p>\n<p><span style=\"font-weight: 400;\">Il vous faudra ensuite\u00a0obtenir le support sur l&#8217;entretien d&#8217;\u00e9valuation qui apportera les r\u00e9ponses \u00e0 vos attentes.<\/span><\/p>\n","protected":false},"featured_media":281,"comment_status":"open","ping_status":"closed","template":"","meta":[],"product_cat":[22],"product_tag":[],"class_list":["post-147","product","type-product","status-publish","has-post-thumbnail","hentry","product_cat-article-ou-support-de-formation"],"_links":{"self":[{"href":"https:\/\/mw-ethicformation.com\/index.php\/wp-json\/wp\/v2\/product\/147","targetHints":{"allow":["GET"]}}],"collection":[{"href":"https:\/\/mw-ethicformation.com\/index.php\/wp-json\/wp\/v2\/product"}],"about":[{"href":"https:\/\/mw-ethicformation.com\/index.php\/wp-json\/wp\/v2\/types\/product"}],"replies":[{"embeddable":true,"href":"https:\/\/mw-ethicformation.com\/index.php\/wp-json\/wp\/v2\/comments?post=147"}],"wp:featuredmedia":[{"embeddable":true,"href":"https:\/\/mw-ethicformation.com\/index.php\/wp-json\/wp\/v2\/media\/281"}],"wp:attachment":[{"href":"https:\/\/mw-ethicformation.com\/index.php\/wp-json\/wp\/v2\/media?parent=147"}],"wp:term":[{"taxonomy":"product_cat","embeddable":true,"href":"https:\/\/mw-ethicformation.com\/index.php\/wp-json\/wp\/v2\/product_cat?post=147"},{"taxonomy":"product_tag","embeddable":true,"href":"https:\/\/mw-ethicformation.com\/index.php\/wp-json\/wp\/v2\/product_tag?post=147"}],"curies":[{"name":"wp","href":"https:\/\/api.w.org\/{rel}","templated":true}]}}