{"id":143,"date":"2022-11-21T14:12:02","date_gmt":"2022-11-21T13:12:02","guid":{"rendered":"http:\/\/mw-ethicformation.com\/?post_type=product&#038;p=143"},"modified":"2024-01-01T00:00:57","modified_gmt":"2023-12-31T23:00:57","slug":"comment-gerer-ses-emotions","status":"publish","type":"product","link":"https:\/\/mw-ethicformation.com\/index.php\/produit\/comment-gerer-ses-emotions\/","title":{"rendered":"Comment G\u00e9rer ses Emotions"},"content":{"rendered":"<p><span style=\"font-weight: 400;\">Document de travail psychologique, cr\u00e9e par Muriel WATIER en 2009 et r\u00e9actualis\u00e9 et enrichi en 2013,\u00a0afin d\u2019aider chaque personne \u00e0 g\u00e9rer ses \u00e9motions d\u00e9sagr\u00e9ables.<\/span><\/p>\n<p><span style=\"font-weight: 400;\">Identification de l&#8217;utilit\u00e9 de chaque \u00e9motion impactante et de toutes ses nuances.<\/span><\/p>\n<p>Exercices d&#8217;application sur les \u00e9motions impactantes.<\/p>\n<p>Document Word en PDF.<\/p>\n","protected":false},"excerpt":{"rendered":"<p><span style=\"font-weight: 400;\">Document word\u00a0de neuf pages, mis en format PDF.<\/span><\/p>\n<p><span style=\"font-weight: 400;\">Exercices et m\u00e9thodes pr\u00e9cises de gestion des affects.<\/span><\/p>\n<p><span style=\"font-weight: 400;\">Mode d\u2019emploi concret et pratique de compr\u00e9hension de ses ressentis et \u00e9motions.<\/span><\/p>\n<p><span style=\"font-weight: 400;\">Document qui pr\u00e9sente des m\u00e9thodes d\u2019analyse de ses affects et des outils simples et accessibles \u00e0 tous.<\/span><\/p>\n","protected":false},"featured_media":268,"comment_status":"open","ping_status":"closed","template":"","meta":[],"product_cat":[22],"product_tag":[],"class_list":["post-143","product","type-product","status-publish","has-post-thumbnail","hentry","product_cat-article-ou-support-de-formation"],"_links":{"self":[{"href":"https:\/\/mw-ethicformation.com\/index.php\/wp-json\/wp\/v2\/product\/143","targetHints":{"allow":["GET"]}}],"collection":[{"href":"https:\/\/mw-ethicformation.com\/index.php\/wp-json\/wp\/v2\/product"}],"about":[{"href":"https:\/\/mw-ethicformation.com\/index.php\/wp-json\/wp\/v2\/types\/product"}],"replies":[{"embeddable":true,"href":"https:\/\/mw-ethicformation.com\/index.php\/wp-json\/wp\/v2\/comments?post=143"}],"wp:featuredmedia":[{"embeddable":true,"href":"https:\/\/mw-ethicformation.com\/index.php\/wp-json\/wp\/v2\/media\/268"}],"wp:attachment":[{"href":"https:\/\/mw-ethicformation.com\/index.php\/wp-json\/wp\/v2\/media?parent=143"}],"wp:term":[{"taxonomy":"product_cat","embeddable":true,"href":"https:\/\/mw-ethicformation.com\/index.php\/wp-json\/wp\/v2\/product_cat?post=143"},{"taxonomy":"product_tag","embeddable":true,"href":"https:\/\/mw-ethicformation.com\/index.php\/wp-json\/wp\/v2\/product_tag?post=143"}],"curies":[{"name":"wp","href":"https:\/\/api.w.org\/{rel}","templated":true}]}}