{"id":139,"date":"2022-11-21T13:56:06","date_gmt":"2022-11-21T12:56:06","guid":{"rendered":"http:\/\/mw-ethicformation.com\/index.php\/produit\/album\/"},"modified":"2026-01-02T13:32:29","modified_gmt":"2026-01-02T12:32:29","slug":"album","status":"publish","type":"product","link":"https:\/\/mw-ethicformation.com\/index.php\/produit\/album\/","title":{"rendered":"Consultation d&#8217;une heure \u00e0 distance"},"content":{"rendered":"<p><span style=\"font-weight: 400;\">Pour ceux qui ne peuvent pas se d\u00e9placer, il vous est maintenant possible de r\u00e9server des consultations d\u2019une heure.<\/span><\/p>\n<p><span style=\"font-weight: 400;\">Les s\u00e9ances s\u2019effectueront par le biais de l\u2019outil skype o\u00f9 il vous faudra poss\u00e9der un compte et une cam\u00e9ra.<\/span><\/p>\n<p><span style=\"font-weight: 400;\">Vous pouvez\u00a0aussi l\u2019effectuer par t\u00e9l\u00e9phone si cela convient mieux.<\/span><\/p>\n<p>Apr\u00e8s le paiement de votre s\u00e9ance, merci de m&#8217;indiquer par mail, Skype\u00a0 ou par t\u00e9l\u00e9phone ( aux heures d&#8217;ouverture) vos disponibilit\u00e9s en jour et heure.<\/p>\n<p><b>Attention, le rendez-vous ne pourra plus se modifier trois jours avant.<\/b><\/p>\n","protected":false},"excerpt":{"rendered":"<p>This is a simple, virtual product.<\/p>\n","protected":false},"featured_media":36,"comment_status":"open","ping_status":"closed","template":"","meta":[],"product_cat":[20],"product_tag":[],"class_list":["post-139","product","type-product","status-publish","has-post-thumbnail","hentry","product_cat-consultation"],"_links":{"self":[{"href":"https:\/\/mw-ethicformation.com\/index.php\/wp-json\/wp\/v2\/product\/139","targetHints":{"allow":["GET"]}}],"collection":[{"href":"https:\/\/mw-ethicformation.com\/index.php\/wp-json\/wp\/v2\/product"}],"about":[{"href":"https:\/\/mw-ethicformation.com\/index.php\/wp-json\/wp\/v2\/types\/product"}],"replies":[{"embeddable":true,"href":"https:\/\/mw-ethicformation.com\/index.php\/wp-json\/wp\/v2\/comments?post=139"}],"wp:featuredmedia":[{"embeddable":true,"href":"https:\/\/mw-ethicformation.com\/index.php\/wp-json\/wp\/v2\/media\/36"}],"wp:attachment":[{"href":"https:\/\/mw-ethicformation.com\/index.php\/wp-json\/wp\/v2\/media?parent=139"}],"wp:term":[{"taxonomy":"product_cat","embeddable":true,"href":"https:\/\/mw-ethicformation.com\/index.php\/wp-json\/wp\/v2\/product_cat?post=139"},{"taxonomy":"product_tag","embeddable":true,"href":"https:\/\/mw-ethicformation.com\/index.php\/wp-json\/wp\/v2\/product_tag?post=139"}],"curies":[{"name":"wp","href":"https:\/\/api.w.org\/{rel}","templated":true}]}}