{"id":90,"date":"2022-10-17T16:54:00","date_gmt":"2022-10-17T14:54:00","guid":{"rendered":"https:\/\/mw-ethicformation.com\/?page_id=90"},"modified":"2022-10-17T16:54:00","modified_gmt":"2022-10-17T14:54:00","slug":"informatique-et-tensions","status":"publish","type":"page","link":"https:\/\/mw-ethicformation.com\/index.php\/informatique-et-tensions\/","title":{"rendered":"Informatique et tensions"},"content":{"rendered":"\n<p><strong>Prenons de la hauteur sur nos symptomes<\/strong><\/p>\n\n\n\n\n\n<p>Les multiples dysfonctionnements de l\u2019outil informatique peuvent g\u00e9n\u00e9rer, outre une perte de<\/p>\n\n\n\n<p>temps et de qualit\u00e9, une source importante de stress \u00e0 certains de ses utilisateurs.<\/p>\n\n\n\n<p>Que cela soit un sp\u00e9cialiste ou un d\u00e9butant, le probl\u00e8me informatique vient interpeller les limites de chacun, dans la vision de ses comp\u00e9tences.<\/p>\n\n\n\n<p>Cette session a pour but de comprendre et g\u00e9rer les cons\u00e9quences psychiques des probl\u00e8mes internet sur notre personnalit\u00e9.<\/p>\n\n\n\n<p>Avec cette session de deux jours &nbsp;, chaque salari\u00e9 pourra retrouver ses outils de r\u00e9solution de stress et apaiser ses tensions psychiques par une m\u00e9thode innovante de connaissance de soi.<\/p>\n\n\n\n<p>Ceci permettra, aussi bien \u00e0 l\u2019individu qu\u2019\u00e0 l\u2019entreprise, de ne plus perdre \u00e9nergie, concentration et patience dans la r\u00e9alisation optimale de ses taches.<\/p>\n\n\n\n<p>Alors , qui veut essayer de s\u2019y confronter ?<\/p>\n","protected":false},"excerpt":{"rendered":"<p>Prenons de la hauteur sur nos symptomes Les multiples dysfonctionnements de l\u2019outil informatique peuvent g\u00e9n\u00e9rer, outre une perte de temps et de qualit\u00e9, une source importante de stress \u00e0 certains de ses utilisateurs. Que cela soit un sp\u00e9cialiste ou un d\u00e9butant, le probl\u00e8me informatique vient interpeller les limites de chacun, dans la vision de ses&hellip; <br \/> <a class=\"read-more\" href=\"https:\/\/mw-ethicformation.com\/index.php\/informatique-et-tensions\/\">Lire la suite<\/a><\/p>\n","protected":false},"author":1,"featured_media":0,"parent":0,"menu_order":0,"comment_status":"closed","ping_status":"closed","template":"","meta":{"footnotes":""},"class_list":["post-90","page","type-page","status-publish","hentry"],"_links":{"self":[{"href":"https:\/\/mw-ethicformation.com\/index.php\/wp-json\/wp\/v2\/pages\/90","targetHints":{"allow":["GET"]}}],"collection":[{"href":"https:\/\/mw-ethicformation.com\/index.php\/wp-json\/wp\/v2\/pages"}],"about":[{"href":"https:\/\/mw-ethicformation.com\/index.php\/wp-json\/wp\/v2\/types\/page"}],"author":[{"embeddable":true,"href":"https:\/\/mw-ethicformation.com\/index.php\/wp-json\/wp\/v2\/users\/1"}],"replies":[{"embeddable":true,"href":"https:\/\/mw-ethicformation.com\/index.php\/wp-json\/wp\/v2\/comments?post=90"}],"version-history":[{"count":1,"href":"https:\/\/mw-ethicformation.com\/index.php\/wp-json\/wp\/v2\/pages\/90\/revisions"}],"predecessor-version":[{"id":91,"href":"https:\/\/mw-ethicformation.com\/index.php\/wp-json\/wp\/v2\/pages\/90\/revisions\/91"}],"wp:attachment":[{"href":"https:\/\/mw-ethicformation.com\/index.php\/wp-json\/wp\/v2\/media?parent=90"}],"curies":[{"name":"wp","href":"https:\/\/api.w.org\/{rel}","templated":true}]}}