{"id":86,"date":"2022-10-17T16:52:44","date_gmt":"2022-10-17T14:52:44","guid":{"rendered":"https:\/\/mw-ethicformation.com\/?page_id=86"},"modified":"2022-10-17T16:52:44","modified_gmt":"2022-10-17T14:52:44","slug":"communication-professionelle","status":"publish","type":"page","link":"https:\/\/mw-ethicformation.com\/index.php\/communication-professionelle\/","title":{"rendered":"Communication Professionelle"},"content":{"rendered":"\n<p><strong>Mise en valeur des intentions et des discours.<\/strong><\/p>\n\n\n\n\n\n<h3 class=\"wp-block-heading\">Communication professionnelle<\/h3>\n\n\n\n<p>Le but de cette session est d\u2019am\u00e9liorer sa communication commerciale en mettant en valeur l\u2019unicit\u00e9 et les atouts de ses prestations.<\/p>\n\n\n\n<p>Une \u00e9tude personnalis\u00e9e sera \u00e9tablie afin de faire ressortir les ressources de chaque id\u00e9e, produit ou prestation que la structure veut dynamiser.<\/p>\n\n\n\n<p>Le contenu est le suivant :<\/p>\n\n\n\n<p># Identifier les param\u00e8tres de pr\u00e9paration d\u2019une communication professionnelle.<\/p>\n\n\n\n<p># Rechercher son objectif et sa proc\u00e9dure d\u2019application coh\u00e9rente.<\/p>\n\n\n\n<p># Conna\u00eetre et ma\u00eetriser la connaissance de l\u2019id\u00e9e, du produit et du march\u00e9.<\/p>\n\n\n\n<p># Assimiler ses aptitudes \u00e0 la communication verbale et non verbale.<\/p>\n\n\n\n<p># R\u00e9pertorier ses outils et moyens en mat\u00e9riel, relationnel et en organisationnel.<\/p>\n\n\n\n<p># Positionnement de ses domaines d\u2019excellence et de ses failles.<\/p>\n\n\n\n<p># Choisir sa strat\u00e9gie de communication assertive.<\/p>\n\n\n\n<p># Rep\u00e9rer ses choix pertinents de changement.<\/p>\n\n\n\n<p># Appr\u00e9hender les supports et outils de mise en forme.<\/p>\n\n\n\n<p><a href=\"http:\/\/fr.wikipedia.org\/wiki\/Communication_non_verbale\">En savoir plus<\/a><\/p>\n\n\n\n<p><strong>Savoir g\u00e9rer des personnalit\u00e9s difficiles<\/strong><\/p>\n\n\n\n<p>Le monde professionnel est aussi le lieu de rencontre de certaines personnes que nous n\u2019aurions sans doute pas choisies dans notre entourage amical.<\/p>\n\n\n\n<p>A ce titre, nous pouvons nous retrouver en contact avec des modes de fonctionnement et des comportements qui peuvent nous poser probl\u00e8me.Ce stage a pour objet de nous aider \u00e0 faire face \u00e0 des personnalit\u00e9s d\u00e9rangeantes de multiples mani\u00e8res.<\/p>\n\n\n\n<p>Cette session comporte :<\/p>\n\n\n\n<p># Identification d\u2019une classification des personnalit\u00e9s dites \u00ab toxiques \u00bb.<\/p>\n\n\n\n<p># Rep\u00e9rage des manifestations n\u00e9gatives de chacune.<\/p>\n\n\n\n<p># Analyse des positionnements de ses m\u00e9canismes de d\u00e9fense.<\/p>\n\n\n\n<p># \u00c9tudes des comportements efficaces.# Mise en pratique par simulation et jeux de r\u00f4les.<\/p>\n\n\n\n<p># Tests brevet\u00e9s et anonymes de positionnement des outils de ma\u00eetrise de soi.<\/p>\n\n\n\n<p><strong>Accueil d\u2019un public en difficult\u00e9<\/strong><\/p>\n\n\n\n<p>L\u2019objectif de ce stage est d\u2019am\u00e9liorer le contact et l\u2019\u00e9change avec une typologie de population dont la demande de prise en charge ou de prestations ,positionn\u00e9es comme dues, est importante.<\/p>\n\n\n\n<p>Le professionnel peut alors se sentir d\u00e9muni face \u00e0 ces manifestations parfois impr\u00e9visibles de frustrations et de violences diversifi\u00e9es.<\/p>\n\n\n\n<p>La session comporte :<\/p>\n\n\n\n<p># Conna\u00eetre le public concern\u00e9 et ses caract\u00e9ristiques.<\/p>\n\n\n\n<p># Identifier ses r\u00f4les et ses responsabilit\u00e9s.<\/p>\n\n\n\n<p># Analyser les comportements qui posent probl\u00e8me.<\/p>\n\n\n\n<p># Savoir am\u00e9liorer la gestion de ses frustrations.<\/p>\n\n\n\n<p># Pratiquer l\u2019\u00e9coute s\u00e9lective et la reformulation.<\/p>\n\n\n\n<p># Tests et simulations brevet\u00e9s.<\/p>\n\n\n\n<p><strong>Publicit\u00e9<\/strong><\/p>\n\n\n\n<p># Constitution de slogan et d\u2019accroche m\u00e9diatiques.<\/p>\n\n\n\n<p># Symbolique des ad\u00e9quations messages et images.<\/p>\n\n\n\n<p># Entretiens commerciaux op\u00e9rationnels.<\/p>\n\n\n\n<p># Mise en valeur des produits et services dans l\u2019accueil commercial.<\/p>\n\n\n\n<p># \u00c9valuation crit\u00e9rielle des r\u00e9sultats obtenus.<\/p>\n","protected":false},"excerpt":{"rendered":"<p>Mise en valeur des intentions et des discours. Communication professionnelle Le but de cette session est d\u2019am\u00e9liorer sa communication commerciale en mettant en valeur l\u2019unicit\u00e9 et les atouts de ses prestations. Une \u00e9tude personnalis\u00e9e sera \u00e9tablie afin de faire ressortir les ressources de chaque id\u00e9e, produit ou prestation que la structure veut dynamiser. Le contenu&hellip; <br \/> <a class=\"read-more\" href=\"https:\/\/mw-ethicformation.com\/index.php\/communication-professionelle\/\">Lire la suite<\/a><\/p>\n","protected":false},"author":1,"featured_media":0,"parent":0,"menu_order":0,"comment_status":"closed","ping_status":"closed","template":"","meta":{"footnotes":""},"class_list":["post-86","page","type-page","status-publish","hentry"],"_links":{"self":[{"href":"https:\/\/mw-ethicformation.com\/index.php\/wp-json\/wp\/v2\/pages\/86","targetHints":{"allow":["GET"]}}],"collection":[{"href":"https:\/\/mw-ethicformation.com\/index.php\/wp-json\/wp\/v2\/pages"}],"about":[{"href":"https:\/\/mw-ethicformation.com\/index.php\/wp-json\/wp\/v2\/types\/page"}],"author":[{"embeddable":true,"href":"https:\/\/mw-ethicformation.com\/index.php\/wp-json\/wp\/v2\/users\/1"}],"replies":[{"embeddable":true,"href":"https:\/\/mw-ethicformation.com\/index.php\/wp-json\/wp\/v2\/comments?post=86"}],"version-history":[{"count":1,"href":"https:\/\/mw-ethicformation.com\/index.php\/wp-json\/wp\/v2\/pages\/86\/revisions"}],"predecessor-version":[{"id":87,"href":"https:\/\/mw-ethicformation.com\/index.php\/wp-json\/wp\/v2\/pages\/86\/revisions\/87"}],"wp:attachment":[{"href":"https:\/\/mw-ethicformation.com\/index.php\/wp-json\/wp\/v2\/media?parent=86"}],"curies":[{"name":"wp","href":"https:\/\/api.w.org\/{rel}","templated":true}]}}