{"id":76,"date":"2022-10-17T16:48:06","date_gmt":"2022-10-17T14:48:06","guid":{"rendered":"https:\/\/mw-ethicformation.com\/?page_id=76"},"modified":"2023-10-25T13:48:16","modified_gmt":"2023-10-25T11:48:16","slug":"consultations-et-therapies","status":"publish","type":"page","link":"https:\/\/mw-ethicformation.com\/index.php\/consultations-et-therapies\/","title":{"rendered":"Consultations et Th\u00e9rapies"},"content":{"rendered":"\n<p><strong>Th\u00e9rapie :<\/strong><\/p>\n\n\n\n<p><strong>Enfant, adulte et couple<\/strong><\/p>\n\n\n\n<p># Troubles anxieux<\/p>\n\n\n\n<p>#Pr\u00e9cocit\u00e9 et probl\u00e8mes \u00e0 l\u2019autorit\u00e9<\/p>\n\n\n\n<p># Phobies et Tocs<\/p>\n\n\n\n<p># Troubles du comportement en scolarit\u00e9<\/p>\n\n\n\n<p># Travail de deuil<\/p>\n\n\n\n<p># Violence conjugale et professionnelle<\/p>\n\n\n\n<p># D\u00e9tection et suivi des handicaps de dysfonctionnement dont dysphasie, dyspraxie et autres formes.<\/p>\n\n\n\n<p><strong>Consultation &nbsp;ponctuelle:<\/strong><\/p>\n\n\n\n<p>#Conseil dans la relation parent-enfant<\/p>\n\n\n\n<p>#Conseil conjugal<\/p>\n\n\n\n<p>#Suivi d\u2019orientation scolaire et professionnelle<\/p>\n\n\n\n<p>#Pr\u00e9paration aux recrutements.<\/p>\n\n\n\n<p>Je participe \u00e0 la r\u00e9flexion et prise en charge du stress post traumatique dans le cadre de la CUMP ( cellule d\u2019urgence m\u00e9dico-psychologique) de Montauban et de Toulouse.<\/p>\n\n\n\n<p>&nbsp;<a href=\"http:\/\/traumapsy.com\/LES-CUMPS-Cellules-d-Urgence.html\">Se renseigner sur les cumps<\/a><\/p>\n\n\n\n<p>&nbsp;<a href=\"http:\/\/www.choisir-son-psy.com\/fiche.php?id=52155\">En savoir plus sur mon parcours<\/a><\/p>\n\n\n\n<p>Chaque entretien dure une demi heure ou une heure, selon la demande initiale de la personne et vaut respectivement<strong>&nbsp;40 euros<\/strong> et&nbsp;<strong>70 euros<\/strong> TTC. Tous les tarifs sont affich\u00e9s dans la salle d\u2019attente de mon cabinet.<\/p>\n\n\n\n<p>Avant tout d\u00e9marrage de th\u00e9rapie, plusieurs entretiens sont parfois n\u00e9cessaires et je conseille d\u2019aller consulter plusieurs sp\u00e9cialistes si vous avez un doute, afin de mieux identifier celui qui vous correspondra le mieux. Tout d\u00e9marrage de suivi s\u2019effectue selon un cadrage \u00e9nonc\u00e9 et expliqu\u00e9 en amont et constitue un engagement entre les deux parties.<\/p>\n\n\n\n<p>Les r\u00e8gles sont identifi\u00e9es en consultation et affich\u00e9es en salle d\u2019attente. Un pr\u00eat de livres et &nbsp;revues psychologiques peut \u00eatre propos\u00e9 gracieusement durant la s\u00e9ance.<\/p>\n\n\n\n<p><strong>Les consultations et les prises de rendez-vous s\u2019effectuent du lundi au vendredi uniquement et par t\u00e9l\u00e9phone ou mail \u00a0de 9h \u00e0 20h.<\/strong><\/p>\n\n\n\n<p><a href=\"http:\/\/www.aftcc.org\/\">En savoir plus sur le comportementalisme<\/a><\/p>\n\n\n\n<p><strong>Test et bilan<\/strong><\/p>\n\n\n\n<p>Analyse et d\u00e9pouillement de tests brevet\u00e9s ECPA pour enfant et adulte :<\/p>\n\n\n\n<p>#&nbsp;<strong>QI<\/strong>, de 3 \u00e0 77 ans: Wipsi IV, Wisc V, Wais IV, Nepsy<\/p>\n\n\n\n<p>#&nbsp;<strong>Orientation<\/strong>, de 14 \u00e0 40 ans: Dat5, Papi<\/p>\n\n\n\n<p>#&nbsp;<strong>Personnalit\u00e9<\/strong>, de 12 \u00e0 77 ans: Rosenzweig, Caract\u00e9rologie<\/p>\n\n\n\n<p>#&nbsp;<strong>Psychologique<\/strong>, pour recherche de pathologie: Rorschach.<\/p>\n\n\n\n<p>Tous les tests pr\u00e9sent\u00e9s sont valid\u00e9s et brevet\u00e9s soit par l\u2019organisme national agr\u00e9\u00e9 ECPA, soit par des auteurs sp\u00e9cialistes et r\u00e9f\u00e9rents.<\/p>\n\n\n\n<p>Un d\u00e9pouillement est remis par \u00e9crit dans un d\u00e9lai de huit \u00e0 dix jours en moyenne.<\/p>\n\n\n\n<p>Il contient un compte rendu clair, pr\u00e9cis et concis, chaque fois personnalis\u00e9 et explicatif des r\u00e9sultats obtenus, avec une bibliographie et des documents annexes.<\/p>\n\n\n\n<p>J&#8217;ai choisi de garder des tarifs abordables pour la passation de ces tests, afin que le plus grand nombre puisse y avoir acc\u00e8s.<\/p>\n\n\n\n<p><strong>Le co\u00fbt de ces bilans est de 250 euros TTC pour le test de moins de seize ans et de 350 euros TTC pour celui d&#8217;adulte.<\/strong><\/p>\n\n\n\n<p>Le premier dure une heure trente et le second deux heures trente.<\/p>\n\n\n\n<p>Sur ce temps et \u00e0 la fin de la passation, pour le test pour enfant, une entrevue avec l&#8217;accompagnant permet de recueillir des informations et des caract\u00e9ristiques personnelles. Puis, six \u00e0 huit jours apr\u00e8s, le bilan est envoy\u00e9 par courrier ou remis en direct.<\/p>\n\n\n\n<p>Les tests sont pass\u00e9s en continue, afin de mesurer la fatigabilit\u00e9 de la personne.<\/p>\n\n\n\n<p>Pour le test de QI pour adulte, une consultation d&#8217;une demi heure, pr\u00e9vue une semaine apr\u00e8s la passation, pour expliquer le d\u00e9pouillement, est incluse dans le tarif. Un bilan \u00e9crit personnalis\u00e9 est remis au cours de cette s\u00e9ance. <\/p>\n\n\n\n<p>J&#8217;ai particip\u00e9 au congr\u00e8s douance de Nathalie Alsteen du 3 au 11 octobre 2022. l&#8217;inscription est gratuite et a lieu tous les ans. Voici le lien \/&nbsp; <a href=\"https:\/\/www.congres-douance.info\/inscription-congres-douance-2022\/?aff=8bb3gi&amp;cpg=ofd5ium\">https:\/\/www.congres-douance.info\/inscription-congres-douance-2022\/?aff=8bb3gi&amp;cpg=ofd5ium<\/a><\/p>\n\n\n\n<p><a href=\"http:\/\/www.ecpa.fr\/default.asp\">En savoir plus sur l\u2019ECPA<\/a><\/p>\n\n\n\n<p><strong>Cursus de connaissance de soi<\/strong><\/p>\n\n\n\n<p>Ces modules permettent une d\u00e9couverte des principales techniques de connaissance de soi, dans le cadre d\u2019un droit individuel de formation, de session pour un particulier ou de stage en entreprise.<\/p>\n\n\n\n<p>Ils peuvent s\u2019organiser sur site ou \u00e0 l\u2019ext\u00e9rieur, la semaine ou le week-end sur demande.Des conf\u00e9rences peuvent aussi se mettre en place dans les structures.<\/p>\n\n\n\n<p>Le co\u00fbt pour les particuliers est de <strong>cent cinquante euros <\/strong>TTC, \u00e0 partir de cinq participants et avec un maximum de dix personnes, et comprend la formation, la location de salle avec mat\u00e9riels et documents fournis, les pauses et les repas de qualit\u00e9.<\/p>\n\n\n\n<p>Des formations \u00e0 la carte peuvent aussi \u00eatre r\u00e9alis\u00e9es pour un candidat unique et le co\u00fbt se positionne alors en forfait selon le lieu, dur\u00e9e et contenu.<\/p>\n\n\n\n<p><strong>Sont propos\u00e9es les initiations \u00e0 :<\/strong><\/p>\n\n\n\n<p>#La Rirop\u00e9dagogie pour adultes.<\/p>\n\n\n\n<p># La Graphologie, .Morphopsychologie, Enn\u00e9agramme, Caract\u00e9rologie.<\/p>\n\n\n\n<p># La Psychog\u00e9n\u00e9alogie.<\/p>\n\n\n\n<p># La lecture rapide et ses Prises de notes.<\/p>\n\n\n\n<p># La Programmation Neuro Linguistique et l\u2019Analyse Transactionnelle .<\/p>\n\n\n\n<p># La M\u00e9morisation et ses sept domaines.<\/p>\n\n\n\n<p># Les sept types de Raisonnement avec leurs atouts et limites.<\/p>\n\n\n\n<p>#Le Stress professionnel et ses r\u00e9percussions. La gestion du Stress informatique.<\/p>\n\n\n\n<p># Les Tests Psychotechniques.<\/p>\n\n\n\n<p>#Les Dyspraxies et Dysphasies et leurs effets.<\/p>\n\n\n\n<p># L\u2019Intelligence \u00c9motionnelle, la Syntonie, l\u2019Intuition et &nbsp;La Gestion de ses \u00e9motions.<\/p>\n\n\n\n<p># La Symbolique des Contes, Images, Formes et Couleurs.L\u2019Interpr\u00e9tation des r\u00eaves.<\/p>\n","protected":false},"excerpt":{"rendered":"<p>Th\u00e9rapie : Enfant, adulte et couple # Troubles anxieux #Pr\u00e9cocit\u00e9 et probl\u00e8mes \u00e0 l\u2019autorit\u00e9 # Phobies et Tocs # Troubles du comportement en scolarit\u00e9 # Travail de deuil # Violence conjugale et professionnelle # D\u00e9tection et suivi des handicaps de dysfonctionnement dont dysphasie, dyspraxie et autres formes. Consultation &nbsp;ponctuelle: #Conseil dans la relation parent-enfant #Conseil&hellip; <br \/> <a class=\"read-more\" href=\"https:\/\/mw-ethicformation.com\/index.php\/consultations-et-therapies\/\">Lire la suite<\/a><\/p>\n","protected":false},"author":1,"featured_media":0,"parent":0,"menu_order":0,"comment_status":"closed","ping_status":"closed","template":"","meta":{"footnotes":""},"class_list":["post-76","page","type-page","status-publish","hentry"],"_links":{"self":[{"href":"https:\/\/mw-ethicformation.com\/index.php\/wp-json\/wp\/v2\/pages\/76","targetHints":{"allow":["GET"]}}],"collection":[{"href":"https:\/\/mw-ethicformation.com\/index.php\/wp-json\/wp\/v2\/pages"}],"about":[{"href":"https:\/\/mw-ethicformation.com\/index.php\/wp-json\/wp\/v2\/types\/page"}],"author":[{"embeddable":true,"href":"https:\/\/mw-ethicformation.com\/index.php\/wp-json\/wp\/v2\/users\/1"}],"replies":[{"embeddable":true,"href":"https:\/\/mw-ethicformation.com\/index.php\/wp-json\/wp\/v2\/comments?post=76"}],"version-history":[{"count":7,"href":"https:\/\/mw-ethicformation.com\/index.php\/wp-json\/wp\/v2\/pages\/76\/revisions"}],"predecessor-version":[{"id":394,"href":"https:\/\/mw-ethicformation.com\/index.php\/wp-json\/wp\/v2\/pages\/76\/revisions\/394"}],"wp:attachment":[{"href":"https:\/\/mw-ethicformation.com\/index.php\/wp-json\/wp\/v2\/media?parent=76"}],"curies":[{"name":"wp","href":"https:\/\/api.w.org\/{rel}","templated":true}]}}