{"id":63,"date":"2022-10-14T19:41:08","date_gmt":"2022-10-14T17:41:08","guid":{"rendered":"https:\/\/mw-ethicformation.com\/?page_id=63"},"modified":"2023-10-25T13:46:36","modified_gmt":"2023-10-25T11:46:36","slug":"epanouissement-de-soi","status":"publish","type":"page","link":"https:\/\/mw-ethicformation.com\/index.php\/epanouissement-de-soi\/","title":{"rendered":"\u00c9panouissement de soi"},"content":{"rendered":"\n<p><strong>Stage pour particulier :<\/strong><\/p>\n\n\n\n<p><\/p>\n\n\n\n<p>Durant les vacances scolaires deux jours de stage pourront \u00eatre propos\u00e9s en semaine ou sur le we dans un m\u00eame lieu \u00e0 la convenance des stagiaires.Je vous propose une journ\u00e9e, dont vous d\u00e9ciderez de la date, sur le th\u00e8me de :- l\u2019estime et la confiance en soi.- l\u2019intuition et son intelligence \u00e9motionnelle.-la gestion de son stress n\u00e9gatif.-la cr\u00e9ativit\u00e9 et son imaginaire.Chaque session est ind\u00e9pendante des autres mais propose des aspects compl\u00e9mentaires pour une am\u00e9lioration de la connaissance intime de soi.Le programme de chaque formation comporte un d\u00e9pouillement d\u2019un questionnaire individuel remis en amont, des d\u00e9finitions et concepts les plus r\u00e9cents sur la compr\u00e9hension du domaine, des tests individuels de positionnement , des exercices et mises en situation choisis selon et par &nbsp;le groupe.La journ\u00e9e comprends &nbsp;sept heures de formation personnalis\u00e9e, le livret de prise de note, les exercices et tests brevet\u00e9s, les supports de formation, les pause collation et d\u00e9jeuner avec boissons comprises, pour un co\u00fbt de cent cinquante euros TTC par personne.Pour toute inscription individuelle \u00e0 deux sessions ou pour celle d\u2019un couple, 10% de remise vous seront accord\u00e9s.Pour toute inscription commune d\u2019un groupe de cinq personnes \u00e0 la m\u00eame session, 15% de remise vous seront accord\u00e9s.<\/p>\n\n\n\n<p>J\u2019effectue ces formations en individuel, dans les locaux de mon cabinet, au tarif de deux cent cinquante euros TTC pour cinq heures de stage, supports et tests inclus.Un acompte de cinquante euros vous sera demand\u00e9 pour toute inscription, par confirmation \u00e9crite, au plus tard quinze jours avant la date que vous avez choisie.Tout d\u00e9sistement, effectu\u00e9 par le candidat, 72 heures ( trois jours) &nbsp;avant la date de session (hors dimanche et jour f\u00e9ri\u00e9), ne pourra pas b\u00e9n\u00e9ficier du remboursement de l\u2019acompte.<\/p>\n\n\n\n<p>Dans le cas o\u00f9 le stage ne pourrait s\u2019effectuer, votre ch\u00e8que vous sera restitu\u00e9 , gard\u00e9 pour une autre session ou d\u00e9truit, selon votre convenance.Le nombre des participants sera compris entre six et dix personnes maximum.Dans un cadre chaleureux et confortable , le sens de l\u2019accueil et de la mise en valeur de votre unicit\u00e9 vous seront propos\u00e9s.Vous d\u00e9couvrirez une ambiance et des outils concrets pour mieux prendre soin de soi au quotidien et tendre vers l\u2019art subtil de l\u2019\u00e9panouissement de son int\u00e9grit\u00e9 .Demandez le programme d\u00e9taill\u00e9 et proposez vos dates en remplissant la partie contact de ce site.A bient\u00f4t de vous recevoir.Chaleureusement votre.<\/p>\n\n\n\n<p><strong>Je vous propose aussi des consultations pour en parler et construire le projet.<\/strong><\/p>\n","protected":false},"excerpt":{"rendered":"<p>Stage pour particulier : Durant les vacances scolaires deux jours de stage pourront \u00eatre propos\u00e9s en semaine ou sur le we dans un m\u00eame lieu \u00e0 la convenance des stagiaires.Je vous propose une journ\u00e9e, dont vous d\u00e9ciderez de la date, sur le th\u00e8me de :- l\u2019estime et la confiance en soi.- l\u2019intuition et son intelligence&hellip; <br \/> <a class=\"read-more\" href=\"https:\/\/mw-ethicformation.com\/index.php\/epanouissement-de-soi\/\">Lire la suite<\/a><\/p>\n","protected":false},"author":1,"featured_media":0,"parent":0,"menu_order":0,"comment_status":"closed","ping_status":"closed","template":"","meta":{"footnotes":""},"class_list":["post-63","page","type-page","status-publish","hentry"],"_links":{"self":[{"href":"https:\/\/mw-ethicformation.com\/index.php\/wp-json\/wp\/v2\/pages\/63","targetHints":{"allow":["GET"]}}],"collection":[{"href":"https:\/\/mw-ethicformation.com\/index.php\/wp-json\/wp\/v2\/pages"}],"about":[{"href":"https:\/\/mw-ethicformation.com\/index.php\/wp-json\/wp\/v2\/types\/page"}],"author":[{"embeddable":true,"href":"https:\/\/mw-ethicformation.com\/index.php\/wp-json\/wp\/v2\/users\/1"}],"replies":[{"embeddable":true,"href":"https:\/\/mw-ethicformation.com\/index.php\/wp-json\/wp\/v2\/comments?post=63"}],"version-history":[{"count":3,"href":"https:\/\/mw-ethicformation.com\/index.php\/wp-json\/wp\/v2\/pages\/63\/revisions"}],"predecessor-version":[{"id":393,"href":"https:\/\/mw-ethicformation.com\/index.php\/wp-json\/wp\/v2\/pages\/63\/revisions\/393"}],"wp:attachment":[{"href":"https:\/\/mw-ethicformation.com\/index.php\/wp-json\/wp\/v2\/media?parent=63"}],"curies":[{"name":"wp","href":"https:\/\/api.w.org\/{rel}","templated":true}]}}