{"id":61,"date":"2022-10-14T16:59:57","date_gmt":"2022-10-14T14:59:57","guid":{"rendered":"https:\/\/mw-ethicformation.com\/?page_id=61"},"modified":"2023-10-25T13:08:39","modified_gmt":"2023-10-25T11:08:39","slug":"caracteristiques","status":"publish","type":"page","link":"https:\/\/mw-ethicformation.com\/index.php\/caracteristiques\/","title":{"rendered":"Caract\u00e9ristiques"},"content":{"rendered":"\n<p><strong>Particularit\u00e9s :<\/strong><\/p>\n\n\n\n<p>La bienveillance, l\u2019accueil chaleureux et la motivation \u00e0 concevoir comment vous permettre d\u2019aller mieux sont les param\u00e8tres fondamentaux de mes prestations.<\/p>\n\n\n\n<p>le contact par t\u00e9l\u00e9phone reste synth\u00e9tique et permet la prise de rendez vous. <\/p>\n\n\n\n<p>Vous pouvez aussi me joindre par mail dans la rubrique contact.<\/p>\n\n\n\n<p>Pour chaque session de formation, je cr\u00e9e un programme cibl\u00e9 aux caract\u00e9ristiques du groupe, puis &nbsp;je personnalise et adapte en direct la p\u00e9dagogie et les outils les plus pertinents, selon mon analyse des individus et du groupe.<\/p>\n\n\n\n<p><strong>Chaque stage est donc unique<\/strong>, dans son contenu comme dans sa p\u00e9dagogie. Il comporte des comp\u00e9tences pr\u00e9par\u00e9es en amont, mais aussi et surtout, des outils et des m\u00e9thodes con\u00e7us durant le temps m\u00eame de la formation.<\/p>\n\n\n\n<p><strong>J\u2019ai cr\u00e9e et j\u2019anime, depuis vingt cinq ans, une p\u00e9dagogie, dite Rirop\u00e9dagogie, sp\u00e9cifiquement am\u00e9nageable aux personnes et contextes, qui permet d\u2019apprendre en s\u2019amusant, dans tous les domaines o\u00f9 j\u2019interviens .<\/strong><\/p>\n\n\n\n<p><strong>Sp\u00e9cialiste pr\u00e9cocit\u00e9 et troubles anxieux et cognitifs.<\/strong><\/p>\n\n\n\n<p><strong>Domaine de Formation<\/strong><\/p>\n\n\n\n<p>J\u2019interviens sur trois axes :<\/p>\n\n\n\n<p># <strong>Centr\u00e9 sur la personne<\/strong> (connaissance et am\u00e9lioration de ses potentialit\u00e9s).<\/p>\n\n\n\n<p># <strong>Orient\u00e9 sur le service<\/strong> (management et gestion des probl\u00e8mes).<\/p>\n\n\n\n<p># P<strong>olaris\u00e9 sur la structure professionnelle<\/strong> (communication).<\/p>\n\n\n\n<p>J\u2019anime aussi des conf\u00e9rences sur la p\u00e9dagogie par le rire assertif .<\/p>\n\n\n\n<p>Selon les formations, j\u2019assure des collaborations avec d\u2019autres organismes de formations qui pr\u00e9sentent les m\u00eames aspects de d\u00e9ontologie.<\/p>\n\n\n\n<p>Chaque ann\u00e9e, je participe \u00e0 deux \u00e0 trois sessions de remises \u00e0 niveau et de r\u00e9actualisation de mes pratiques.<\/p>\n\n\n\n<p><strong>Test et bilan<\/strong><\/p>\n\n\n\n<p>Je propose en cabinet et sur site des tests et des \u00e9valuations d\u2019outils brevet\u00e9s concernant :<\/p>\n\n\n\n<p># <strong>les raisonnements,<\/strong><\/p>\n\n\n\n<p># <strong>les handicaps psychiques<\/strong>,<\/p>\n\n\n\n<p># les<strong> r\u00e9flexions et intelligences,<\/strong><\/p>\n\n\n\n<p># <strong>les m\u00e9morisations,<\/strong><\/p>\n\n\n\n<p># l\u2019<strong>orientation,<\/strong><\/p>\n\n\n\n<p># l<strong>a personnalit\u00e9 de l\u2019individu.<\/strong><\/p>\n\n\n\n<p>Ces pratiques s\u2019effectuent avec des individus inform\u00e9s des proc\u00e9dures et motiv\u00e9s par le d\u00e9sir d\u2019am\u00e9liorer leurs comp\u00e9tences.<\/p>\n\n\n\n<p><strong>Praticien en Th\u00e9rapie<\/strong><\/p>\n\n\n\n<p>J\u2019assure en pr\u00e9sentiel au cabinet ou \u00e0 distance, par l&#8217;outil Skype, <strong>des consultations th\u00e9rapeutiques<\/strong> pour enfant et adulte.<\/p>\n\n\n\n<p># <strong>des accompagnements, analytiques ou comportementales<\/strong> (selon attentes et sympt\u00f4mes), dans le respect du cadre th\u00e9rapeutique et d\u00e9ontologique.<\/p>\n\n\n\n<p>A ce titre, je pr\u00e9cise que je n\u2019ai pas droit au titre de psychologue, ni \u00e0 celui de psychoth\u00e9rapeute, selon les modalit\u00e9s du d\u00e9cret de mai 2010.<\/p>\n\n\n\n<p><strong>Je suis docteur en psychologie et praticienne en th\u00e9rapie depuis vingt-cinq ans .<\/strong><\/p>\n\n\n\n<p><\/p>\n","protected":false},"excerpt":{"rendered":"<p>Particularit\u00e9s : La bienveillance, l\u2019accueil chaleureux et la motivation \u00e0 concevoir comment vous permettre d\u2019aller mieux sont les param\u00e8tres fondamentaux de mes prestations. le contact par t\u00e9l\u00e9phone reste synth\u00e9tique et permet la prise de rendez vous. Vous pouvez aussi me joindre par mail dans la rubrique contact. Pour chaque session de formation, je cr\u00e9e un&hellip; <br \/> <a class=\"read-more\" href=\"https:\/\/mw-ethicformation.com\/index.php\/caracteristiques\/\">Lire la suite<\/a><\/p>\n","protected":false},"author":1,"featured_media":0,"parent":0,"menu_order":0,"comment_status":"closed","ping_status":"closed","template":"","meta":{"footnotes":""},"class_list":["post-61","page","type-page","status-publish","hentry"],"_links":{"self":[{"href":"https:\/\/mw-ethicformation.com\/index.php\/wp-json\/wp\/v2\/pages\/61","targetHints":{"allow":["GET"]}}],"collection":[{"href":"https:\/\/mw-ethicformation.com\/index.php\/wp-json\/wp\/v2\/pages"}],"about":[{"href":"https:\/\/mw-ethicformation.com\/index.php\/wp-json\/wp\/v2\/types\/page"}],"author":[{"embeddable":true,"href":"https:\/\/mw-ethicformation.com\/index.php\/wp-json\/wp\/v2\/users\/1"}],"replies":[{"embeddable":true,"href":"https:\/\/mw-ethicformation.com\/index.php\/wp-json\/wp\/v2\/comments?post=61"}],"version-history":[{"count":4,"href":"https:\/\/mw-ethicformation.com\/index.php\/wp-json\/wp\/v2\/pages\/61\/revisions"}],"predecessor-version":[{"id":378,"href":"https:\/\/mw-ethicformation.com\/index.php\/wp-json\/wp\/v2\/pages\/61\/revisions\/378"}],"wp:attachment":[{"href":"https:\/\/mw-ethicformation.com\/index.php\/wp-json\/wp\/v2\/media?parent=61"}],"curies":[{"name":"wp","href":"https:\/\/api.w.org\/{rel}","templated":true}]}}