{"id":20,"date":"2022-10-14T14:34:19","date_gmt":"2022-10-14T12:34:19","guid":{"rendered":"https:\/\/mw-ethicformation.com\/index.php\/mesmerize\/"},"modified":"2023-02-07T10:14:13","modified_gmt":"2023-02-07T09:14:13","slug":"mesmerize","status":"publish","type":"page","link":"https:\/\/mw-ethicformation.com\/","title":{"rendered":"Front Page"},"content":{"rendered":"<div  id=\"overlappable-4\" style=\"background-color: #ffffff;\" data-label=\"Overlappable\" data-id=\"overlappable-4\" data-export-id=\"overlappable-4\" data-category=\"overlappable\" class=\"overlappable-4 content-section content-section-spacing\" data-overlap=\"true\"><div  class=\"gridContainer\"> <div  data-type=\"row\" class=\"row spaced-cols text-center\"><div  class=\"col-xs-12 col-sm-4 col-padding\"> <i  class=\"fa icon fa-clone large shadow-large-black round aligncenter reverse color1\"><\/i> <div  data-type=\"column\" class=\"\"> <h5  class=\"\" data-lt-tmp-id=\"lt-151167\" data-gramm=\"false\">Consultations \u00e0 distance<\/h5> <p  class=\"\" data-lt-tmp-id=\"lt-704304\" data-gramm=\"false\">Pour ceux qui ne peuvent pas se d\u00e9placer, il vous est maintenant possible de r\u00e9server des consultations d\u2019une heure.<\/p><\/div> <\/div> <div  class=\"col-xs-12 col-sm-4 col-padding\"> <i  class=\"fa icon fa-cogs large shadow-large-black round aligncenter reverse color1\"><\/i> <div  data-type=\"column\" class=\"\"><h5  class=\"\" data-lt-tmp-id=\"lt-341854\" data-gramm=\"false\">Support de formation<\/h5> <p  class=\"\" data-lt-tmp-id=\"lt-204285\" data-gramm=\"false\">Document de travail en ressources humaines sur trois axes : apprendre \u00e0 apprendre, gestion du stress et management.<\/p><\/div> <\/div> <div  class=\"col-xs-12 col-sm-4 col-padding\"> <i  class=\"fa icon fa-magic large shadow-large-black round aligncenter reverse color1\"><\/i> <div  data-type=\"column\" class=\"\"><h5  class=\"\" data-lt-tmp-id=\"lt-316717\" data-gramm=\"false\">Vid\u00e9o Conf\u00e9rence<\/h5> <p  class=\"\" data-lt-tmp-id=\"lt-66095\" data-gramm=\"false\">Vid\u00e9o de pr\u00e9sentation et formation sur la connaissance de soi<\/p><\/div> <\/div><\/div> <\/div><\/div><div  id=\"features-3\" style=\"background-color: #ffffff;\" data-label=\"Features\" data-id=\"features-12-card-bordered\" data-export-id=\"features-12-card-bordered\" data-category=\"features\" class=\"features-12-card-bordered content-section content-section-spacing \"><div  class=\"gridContainer\"> <div  class=\"row text-center\"><div  class=\"section-title-col\" data-type=\"column\"> <h2  class=\"\" data-lt-tmp-id=\"lt-627483\" data-gramm=\"false\">Muriel Watier<\/h2> <p  class=\"lead\" data-lt-tmp-id=\"lt-243804\" data-gramm=\"false\"><br >Ce site a pour objectif de vous pr\u00e9senter les domaines de mes comp\u00e9tences en mati\u00e8re de ressources humaines, aussi bien dans le m\u00e9tier de formateur que dans celui de praticien en th\u00e9rapie.<br >La compl\u00e9mentarit\u00e9 de ces deux m\u00e9tiers me permet une prise en compte plus sp\u00e9cifique de l\u2019unicit\u00e9 de chaque personne dans ses besoins, attentes et outils personnels et professionnels (Savoir, Savoir-\u00catre et Savoir-Faire).<br >Cependant, chaque r\u00f4le est sp\u00e9cifique et n\u2019agit pas sur les m\u00eames domaines ni en m\u00eame temps, afin de ne pas g\u00e9n\u00e9rer confusion ou abus de fonction et de pouvoir. En tant que th\u00e9rapeute, je suis sp\u00e9cialis\u00e9e dans :<br >le traitement des troubles anxieux (phobies, tocs),les HPI (haut potentiel intellectuel) et HPE (haut potentiel \u00e9motionnel), les troubles de la personnalit\u00e9 (manque d\u2019assurance, d\u00e9valorisation, emprise psychique) ,<br >dans la gestion des \u00e9motions (hypersensibilit\u00e9,hyper\u00e9motivit\u00e9, hyperkin\u00e9sie),<br >dans le domaine de la pr\u00e9cocit\u00e9 (probl\u00e8me de limite et de cadrage, trouble des comportements).<br >En tant que formatrice, j\u2019ai cr\u00e9e et exp\u00e9riment\u00e9 des m\u00e9thodes et des outils sur :<br >les m\u00e9thodologies d\u2019apprentissage (apprendre \u00e0 apprendre, raisonnements,<br >m\u00e9morisation, lecture rapide,prise de note efficace), les pr\u00e9parations \u00e9crites et orales aux recrutements, examens et concours (note de synth\u00e8se, analyse de texte, QCM, CV, lettre de motivation, mise en situation),<br >le management (gestion des \u00e9quipes,&nbsp; &nbsp;gestion des probl\u00e8mes, organisation, gestion du temps, conduite de r\u00e9union, prise de parole en public), les risques psychosociaux (grille de recherche, identification, gestion),<br >la gestion des phobies professionnelles (hauteur, espace, vide, rougissement, vomissement, vessie, envahissement\u2026). Le stress post traumatique (agression, manipulation, accident),la gestion du stress (face aux outils informatiques, au poste de travail, aux relations professionnelles, aux relations affectives).<\/p><\/div> <\/div> <div  class=\"row spaced-cols\" data-type=\"row\"> <div  class=\"col-sm-6\"> <div  class=\"card row-card bordered y-move\"> <div  class=\"row\"> <div  class=\"col-sm-fit icon-column\"> <i  class=\"fa icon fa-connectdevelop round bordered color2\"><\/i> <\/div> <div  class=\"col-sm\" data-type=\"column\"> <h5  class=\"color2\" data-lt-tmp-id=\"lt-755068\" data-gramm=\"false\">Consultation d\u2019une heure \u00e0 distance<\/h5> <p  class=\"\" data-lt-tmp-id=\"lt-63327\" data-gramm=\"false\">Pour ceux qui ne peuvent pas se d\u00e9placer, il vous est maintenant possible de r\u00e9server des consultations d\u2019une heure.<br >Les s\u00e9ances s\u2019effectueront par le biais de l\u2019outil skype o\u00f9 il vous faudra poss\u00e9der un compte et une cam\u00e9ra.<br >Vous pouvez aussi l\u2019effectuer par t\u00e9l\u00e9phone si cela convient mieux.<br >Attention, le rendez-vous ne pourra plus se modifier trois jours avant.<\/p><\/div> <\/div><\/div> <\/div> <div  class=\"col-sm-6\"> <div  class=\"card row-card bordered y-move\"> <div  class=\"row\"> <div  class=\"col-sm-fit icon-column\"> <i  class=\"fa icon fa-codepen round bordered color2\"><\/i> <\/div> <div  class=\"col-sm\" data-type=\"column\"> <h5  class=\"color2\" data-lt-tmp-id=\"lt-529923\" data-gramm=\"false\">Conf\u00e9rence Hyper Emotivit\u00e9 <\/h5> <p  class=\"\" data-lt-tmp-id=\"lt-201528\" data-gramm=\"false\">&nbsp;Niveau initiation. D\u00e9couverte des fondamentaux de l\u2019hypersensibilit\u00e9 et de ce que veut dire \u00eatre Syntone. Comprendre sa sensibilit\u00e9 et savoir s\u2019en servir. Identifier les causes, les cons\u00e9quences ainsi que les caract\u00e9ristiques de cet \u00e9tat. Apprendre \u00e0 se prot\u00e9ger de ses \u00e9tats \u00e9motionnels intenses.&nbsp;<\/p><\/div> <\/div><\/div> <\/div> <div  class=\"col-sm-6\"> <div  class=\"card row-card bordered y-move\"> <div  class=\"row\"> <div  class=\"col-sm-fit icon-column\"> <i  class=\"fa icon fa-cube round bordered color2\"><\/i> <\/div> <div  class=\"col-sm\" data-type=\"column\"> <h5  class=\"color2\" data-lt-tmp-id=\"lt-463554\" data-gramm=\"false\">Consultation d\u2019une demi-heure \u00e0 distance<\/h5> <p  class=\"\" data-lt-tmp-id=\"lt-568583\" data-gramm=\"false\">Voici un autre choix de consultation via Skype.<br >Une fois le paiement valid\u00e9, il vous suffit de m\u2019envoyer, par le mail du site, votre pseudo sur Skype, afin d\u2019apparaitre dans nos adresses mutuelles.<br >Vous m\u2019envoyez aussi vos disponibilit\u00e9s pr\u00e9cises et nous prenons rendez vous.<br >Vous pouvez aussi l\u2019effectuer par t\u00e9l\u00e9phone si cela vous convient mieux<\/p><\/div> <\/div><\/div> <\/div> <div  class=\"col-sm-6\"> <div  class=\"card row-card bordered y-move\"> <div  class=\"row\"> <div  class=\"col-sm-fit icon-column\"> <i  class=\"fa icon fa-database round bordered color2\"><\/i> <\/div> <div  class=\"col-sm\" data-type=\"column\"> <h5  class=\"color2\" data-lt-tmp-id=\"lt-313968\" data-gramm=\"false\">Formation Affirmation de Soi <\/h5> <p  class=\"\" data-lt-tmp-id=\"lt-468944\" data-gramm=\"false\">Niveau initiation D\u00e9couvrir les sp\u00e9cificit\u00e9s de l\u2019estime de soi ainsi que les param\u00e8tres de l\u2019affirmation de soi. Comprendre son r\u00f4le et ses attentes dans une discussion. D\u00e9couvrir les comportements difficiles et ceux qui nous d\u00e9rangent afin de savoir y faire face. Savoir exprimer et affirmer ses choix. Analyses et conseils sur chaque\u2026 <\/p><\/div> <\/div><\/div> <\/div><\/div> <\/div><\/div><div  id=\"latest-news-1\" style=\"background-color: #f5fafd;\" data-label=\"Latest-news\" data-id=\"blog-section\" data-export-id=\"blog-section\" data-category=\"latest_news\" class=\"blog-section blog-section-standard content-section content-section-spacing\"><div  class=\"gridContainer\"> <div  class=\"row\"><div  data-type=\"column\" class=\"section-title-col\"> <h2  class=\"\" data-lt-tmp-id=\"lt-40778\" data-gramm=\"false\">Nos derni\u00e8res News<\/h2> <p  class=\"lead\" data-lt-tmp-id=\"lt-770348\" data-gramm=\"false\"><\/p><\/div> <\/div> <div  class=\"row\"> <div  data-type=\"row\" data-dynamic-columns=\"handled\" data-content-shortcode=\"mesmerize_latest_news\">        <div class=\"row center-sm content-left-sm\">\n                    <div id=\"post-1\" class=\"col-sm-6 col-md-4 space-bottom space-bottom-xs\">\n                <div class=\"post-content card y-move bordered\">\n                    <div class=\"post-thumbnail\">\n   <a href=\"https:\/\/mw-ethicformation.com\/index.php\/2022\/10\/14\/bonjour-tout-le-monde\/\" class=\"post-list-item-thumb \">\n      \n            <svg class=\"mesmerize-post-list-item-thumb-placeholder\" width=\"890\" height=\"580\" viewBox=\"0 0 890 580\"\n         preserveAspectRatio=\"none\">\n         <rect width=\"890\" height=\"580\" style=\"fill:#FF9800;\"><\/rect>\n      <\/svg>\n               <\/a>\n<\/div>\n                    <div class=\"col-padding col-padding-xs\">\n                        <h3 class=\"post-title space-bottom-small\">\n                            <a href=\"https:\/\/mw-ethicformation.com\/index.php\/2022\/10\/14\/bonjour-tout-le-monde\/\" rel=\"bookmark\">\n                                Bonjour tout le monde\u00a0!                            <\/a>\n                        <\/h3>\n                        <p>Bienvenue sur WordPress. Ceci est votre premier article. Modifiez-le ou supprimez-le, puis commencez \u00e0 \u00e9crire\u00a0!<\/p>\n                        <a class=\"read-more link\" href=\"https:\/\/mw-ethicformation.com\/index.php\/2022\/10\/14\/bonjour-tout-le-monde\/\">\n                            Read more                        <\/a>\n                    <\/div>\n                <\/div>\n            <\/div>\n            <\/div>\n    <\/div><\/div> <div  class=\"row\"><div  class=\"text-center\"> <a  class=\"button color1\" data-attr-shortcode=\"href:mesmerize_blog_link\" href=\"https:\/\/mw-ethicformation.com\/index.php\/blog\/\">Voir toutes les nouveaut\u00e9s<\/a><\/div> <\/div><\/div><\/div><div  id=\"contact-1\" data-label=\"Contact\" data-id=\"contact-1\" data-export-id=\"contact-1\" data-category=\"contact\" class=\"contact-1 content-section content-section-spacing white-text\" data-parallax-depth=\"20\"><div  class=\"gridContainer\"> <div  class=\"row text-center\"><div  class=\"section-title-col\" data-type=\"column\"> <h2  class=\"\">Contact us<\/h2> <p  class=\"lead\">With the Internet spreading linke wildfire and reaching every part of our daily life, more and more traffic is directed to websites in search for information.<\/p><\/div> <\/div> <div  class=\"row text-center\"> <div  class=\"col-xs-12 col-sm-8 col-sm-offset-2 contact-form-wrapper inline-info\"> <div  class=\"card large-padding\"> <div  class=\"\" data-content-shortcode=\"mesmerize_contact_form\" data-editable=\"true\"><p style=\"text-align:center;color:#ababab\">Contact form will be displayed here. To activate it you have to set the \"contact form shortcode\" parameter in Customizer.<\/p><\/div><\/div> <\/div><\/div> <\/div><\/div>","protected":false},"excerpt":{"rendered":"<p>Consultations \u00e0 distance Pour ceux qui ne peuvent pas se d\u00e9placer, il vous est maintenant possible de r\u00e9server des consultations d\u2019une heure. Support de formation Document de travail en ressources humaines sur trois axes : apprendre \u00e0 apprendre, gestion du stress et management. Vid\u00e9o Conf\u00e9rence Vid\u00e9o de pr\u00e9sentation et formation sur la connaissance de soi&hellip; <br \/> <a class=\"read-more\" href=\"https:\/\/mw-ethicformation.com\/index.php\/2022\/10\/14\/bonjour-tout-le-monde\/\">Lire la suite<\/a><\/p>\n","protected":false},"author":1,"featured_media":0,"parent":0,"menu_order":0,"comment_status":"closed","ping_status":"closed","template":"page-templates\/homepage.php","meta":{"footnotes":""},"class_list":["post-20","page","type-page","status-publish","hentry"],"_links":{"self":[{"href":"https:\/\/mw-ethicformation.com\/index.php\/wp-json\/wp\/v2\/pages\/20","targetHints":{"allow":["GET"]}}],"collection":[{"href":"https:\/\/mw-ethicformation.com\/index.php\/wp-json\/wp\/v2\/pages"}],"about":[{"href":"https:\/\/mw-ethicformation.com\/index.php\/wp-json\/wp\/v2\/types\/page"}],"author":[{"embeddable":true,"href":"https:\/\/mw-ethicformation.com\/index.php\/wp-json\/wp\/v2\/users\/1"}],"replies":[{"embeddable":true,"href":"https:\/\/mw-ethicformation.com\/index.php\/wp-json\/wp\/v2\/comments?post=20"}],"version-history":[{"count":12,"href":"https:\/\/mw-ethicformation.com\/index.php\/wp-json\/wp\/v2\/pages\/20\/revisions"}],"predecessor-version":[{"id":323,"href":"https:\/\/mw-ethicformation.com\/index.php\/wp-json\/wp\/v2\/pages\/20\/revisions\/323"}],"wp:attachment":[{"href":"https:\/\/mw-ethicformation.com\/index.php\/wp-json\/wp\/v2\/media?parent=20"}],"curies":[{"name":"wp","href":"https:\/\/api.w.org\/{rel}","templated":true}]}}