{"id":116,"date":"2022-10-20T15:46:48","date_gmt":"2022-10-20T13:46:48","guid":{"rendered":"https:\/\/mw-ethicformation.com\/?page_id=116"},"modified":"2023-10-25T13:34:47","modified_gmt":"2023-10-25T11:34:47","slug":"consultation-dune-demi-heure-a-distance","status":"publish","type":"page","link":"https:\/\/mw-ethicformation.com\/index.php\/consultation-dune-demi-heure-a-distance\/","title":{"rendered":"Consultation d&#8217;une demi-heure"},"content":{"rendered":"\n<p>Vous pouvez r\u00e9server une s\u00e9ance d&#8217;une demi heure en pr\u00e9sentiel au cabinet par t\u00e9l\u00e9phone ou par mail.<\/p>\n\n\n\n<p>Sinon,  ce sera un choix de consultation via Skype, pour ceux qui ne veulent pas se d\u00e9placer.<\/p>\n\n\n\n<p>Une fois le paiement valid\u00e9 en amont de la s\u00e9ance, il vous suffit de m&#8217;envoyer, par le mail du site, votre pseudo sur Skype, afin d&#8217;apparaitre dans nos adresses mutuelles ou de m&#8217;adresser une invitation skype \u00e0 muwat1 (mon pseudo Skype).<\/p>\n\n\n\n<p>Vous m&#8217;envoyez aussi vos disponibilit\u00e9s pr\u00e9cises et nous prenons rendez vous.<\/p>\n\n\n\n<p>Vous pouvez aussi l\u2019effectuer par t\u00e9l\u00e9phone durant les heures d&#8217;ouverture du cabinet (9h \u00e0 20h), si cela vous convient mieux.<\/p>\n\n\n\n<p><strong>Toute prise de rendez vous ne peut plus se modifier ni s&#8217;annuler moins de trois jours avant (72h).<\/strong><\/p>\n","protected":false},"excerpt":{"rendered":"<p>Vous pouvez r\u00e9server une s\u00e9ance d&#8217;une demi heure en pr\u00e9sentiel au cabinet par t\u00e9l\u00e9phone ou par mail. Sinon, ce sera un choix de consultation via Skype, pour ceux qui ne veulent pas se d\u00e9placer. Une fois le paiement valid\u00e9 en amont de la s\u00e9ance, il vous suffit de m&#8217;envoyer, par le mail du site, votre&hellip; <br \/> <a class=\"read-more\" href=\"https:\/\/mw-ethicformation.com\/index.php\/consultation-dune-demi-heure-a-distance\/\">Lire la suite<\/a><\/p>\n","protected":false},"author":1,"featured_media":0,"parent":0,"menu_order":0,"comment_status":"closed","ping_status":"closed","template":"","meta":{"footnotes":""},"class_list":["post-116","page","type-page","status-publish","hentry"],"_links":{"self":[{"href":"https:\/\/mw-ethicformation.com\/index.php\/wp-json\/wp\/v2\/pages\/116","targetHints":{"allow":["GET"]}}],"collection":[{"href":"https:\/\/mw-ethicformation.com\/index.php\/wp-json\/wp\/v2\/pages"}],"about":[{"href":"https:\/\/mw-ethicformation.com\/index.php\/wp-json\/wp\/v2\/types\/page"}],"author":[{"embeddable":true,"href":"https:\/\/mw-ethicformation.com\/index.php\/wp-json\/wp\/v2\/users\/1"}],"replies":[{"embeddable":true,"href":"https:\/\/mw-ethicformation.com\/index.php\/wp-json\/wp\/v2\/comments?post=116"}],"version-history":[{"count":5,"href":"https:\/\/mw-ethicformation.com\/index.php\/wp-json\/wp\/v2\/pages\/116\/revisions"}],"predecessor-version":[{"id":390,"href":"https:\/\/mw-ethicformation.com\/index.php\/wp-json\/wp\/v2\/pages\/116\/revisions\/390"}],"wp:attachment":[{"href":"https:\/\/mw-ethicformation.com\/index.php\/wp-json\/wp\/v2\/media?parent=116"}],"curies":[{"name":"wp","href":"https:\/\/api.w.org\/{rel}","templated":true}]}}