{"id":114,"date":"2022-10-20T15:46:26","date_gmt":"2022-10-20T13:46:26","guid":{"rendered":"https:\/\/mw-ethicformation.com\/?page_id=114"},"modified":"2023-10-25T13:31:00","modified_gmt":"2023-10-25T11:31:00","slug":"consultation-dune-heure","status":"publish","type":"page","link":"https:\/\/mw-ethicformation.com\/index.php\/consultation-dune-heure\/","title":{"rendered":"Consultation d&#8217;une heure"},"content":{"rendered":"\n<p>Les consultations en direct se r\u00e9servent du lundi au vendredi et de 9h \u00e0 20h soit par t\u00e9l\u00e9phone soit par mail(rubrique contact).<\/p>\n\n\n\n<p>Pour ceux qui ne peuvent pas se d\u00e9placer, il vous est possible de r\u00e9server des consultations \u00e0 distance d\u2019une heure.<\/p>\n\n\n\n<p>Les s\u00e9ances s\u2019effectueront par le biais de l\u2019outil skype o\u00f9 il vous faudra poss\u00e9der un compte.<\/p>\n\n\n\n<p>Par le mail du site(rubrique contact), vous m&#8217;enverrez votre pseudo Skype et vos disponibilit\u00e9s pr\u00e9cises.<\/p>\n\n\n\n<p>Vous pouvez aussi l\u2019effectuer par t\u00e9l\u00e9phone si cela vous convient mieux.<\/p>\n\n\n\n<p><strong>Attention, celui-ci ne pourra plus se modifier trois jours avant.<\/strong><\/p>\n\n\n\n<p>Il vous est n\u00e9cessaire de poss\u00e9der une cam\u00e9ra et un outil informatique qui permettent une discussion audio et visuelle. Les r\u00e9servations de ces s\u00e9ances (une fois le paiement \u00e9tabli) s\u2019effectueront durant les jours et heures d\u2019ouverture du cabinet, soit du lundi au vendredi et de 9h \u00e0 20h.<\/p>\n","protected":false},"excerpt":{"rendered":"<p>Les consultations en direct se r\u00e9servent du lundi au vendredi et de 9h \u00e0 20h soit par t\u00e9l\u00e9phone soit par mail(rubrique contact). Pour ceux qui ne peuvent pas se d\u00e9placer, il vous est possible de r\u00e9server des consultations \u00e0 distance d\u2019une heure. Les s\u00e9ances s\u2019effectueront par le biais de l\u2019outil skype o\u00f9 il vous faudra&hellip; <br \/> <a class=\"read-more\" href=\"https:\/\/mw-ethicformation.com\/index.php\/consultation-dune-heure\/\">Lire la suite<\/a><\/p>\n","protected":false},"author":1,"featured_media":0,"parent":0,"menu_order":0,"comment_status":"closed","ping_status":"closed","template":"","meta":{"footnotes":""},"class_list":["post-114","page","type-page","status-publish","hentry"],"_links":{"self":[{"href":"https:\/\/mw-ethicformation.com\/index.php\/wp-json\/wp\/v2\/pages\/114","targetHints":{"allow":["GET"]}}],"collection":[{"href":"https:\/\/mw-ethicformation.com\/index.php\/wp-json\/wp\/v2\/pages"}],"about":[{"href":"https:\/\/mw-ethicformation.com\/index.php\/wp-json\/wp\/v2\/types\/page"}],"author":[{"embeddable":true,"href":"https:\/\/mw-ethicformation.com\/index.php\/wp-json\/wp\/v2\/users\/1"}],"replies":[{"embeddable":true,"href":"https:\/\/mw-ethicformation.com\/index.php\/wp-json\/wp\/v2\/comments?post=114"}],"version-history":[{"count":4,"href":"https:\/\/mw-ethicformation.com\/index.php\/wp-json\/wp\/v2\/pages\/114\/revisions"}],"predecessor-version":[{"id":388,"href":"https:\/\/mw-ethicformation.com\/index.php\/wp-json\/wp\/v2\/pages\/114\/revisions\/388"}],"wp:attachment":[{"href":"https:\/\/mw-ethicformation.com\/index.php\/wp-json\/wp\/v2\/media?parent=114"}],"curies":[{"name":"wp","href":"https:\/\/api.w.org\/{rel}","templated":true}]}}